{"id":4442,"date":"2019-05-15T16:16:54","date_gmt":"2019-05-15T15:16:54","guid":{"rendered":"https:\/\/stagingsite.cudoventures.com\/miner\/programa-de-referidos\/"},"modified":"2020-06-19T13:59:38","modified_gmt":"2020-06-19T12:59:38","slug":"cryptocurrency-affiliate-referral-program","status":"publish","type":"page","link":"https:\/\/stagingsite.cudoventures.com\/miner\/es\/cryptocurrency-affiliate-referral-program\/","title":{"rendered":"Programa de referidos"},"content":{"rendered":"<p>[vc_row source=\u00bb\u00bb text=\u00bbWhy Use Cudo Miner?\u00bb font_container=\u00bbtag:h2|font_size:38|text_align:center|color:%23eb6f00&#8243; use_theme_fonts=\u00bb\u00bb google_fonts=\u00bbfont_family:Lato%3A100%2C100italic%2C300%2C300italic%2Cregular%2Citalic%2C700%2C700italic%2C900%2C900italic|font_style:700%20bold%20regular%3A700%3Anormal\u00bb el_class=\u00bbhome-main-heading-title\u00bb link=\u00bb\u00bb][vc_column][vc_column_text]<\/p>\n<h1 style=\"text-align: center\">Cudo Miner Programa de Referencia<\/h1>\n<p>[\/vc_column_text][vc_column_text]<\/p>\n<h3 style=\"text-align: center\">Obtenga un flujo de ingresos continuo por recomendar a los usuarios que se unan a nosotros<\/h3>\n<p>[\/vc_column_text][\/vc_column][\/vc_row][vc_row css=\u00bb.vc_custom_1591198402798{margin-top: 100px !important;margin-bottom: 100px !important;}\u00bb][vc_column width=\u00bb2\/3&#8243;][vc_row_inner][vc_column_inner width=\u00bb1\/4&#8243;]<style type='text\/css'> @font-face{font-family: 'bk'; src:url('https:\/\/stagingsite.cudoventures.com\/miner\/wp-content\/themes\/thefox\/includes\/4k-icons\/icons\/4k-icons-pack01\/icons\/fonts\/bk.eot'); src:url('https:\/\/stagingsite.cudoventures.com\/miner\/wp-content\/themes\/thefox\/includes\/4k-icons\/icons\/4k-icons-pack01\/icons\/fonts\/bk.eot?#iefix') format('embedded-opentype'), url('https:\/\/stagingsite.cudoventures.com\/miner\/wp-content\/themes\/thefox\/includes\/4k-icons\/icons\/4k-icons-pack01\/icons\/fonts\/bk.woff') format('woff'), url('https:\/\/stagingsite.cudoventures.com\/miner\/wp-content\/themes\/thefox\/includes\/4k-icons\/icons\/4k-icons-pack01\/icons\/fonts\/bk.ttf') format('truetype'), url('https:\/\/stagingsite.cudoventures.com\/miner\/wp-content\/themes\/thefox\/includes\/4k-icons\/icons\/4k-icons-pack01\/icons\/fonts\/bk.svg#oi') format('svg'); font-weight: normal; font-style: normal;}#fourk1 .bk-number-11:before{font-family: 'bk'; font-weight: normal; font-style: normal;}#fourk1 .bk-number-11:before{content: \"\\e00a\";}#fourk1{text-align:center}#fourk1 .fourk-icon{background-color: transparent}#fourk1 .fourk-icon:before{}#fourk1 .fourk-icon:after{}#fourk1 i{font-size:100px;line-height:100px;color:#eb6f00}#fourk1 .fourk-icon.hovered i{}#fourk1 i{text-align: center;}#fourk1{margin-bottom: 20px;}<\/style>\n<div id='fourk1' class='fourk-icon-container'><div class='fourk-icon none none' data-hover-trigger='icon' ><i class='bk-number-11'><\/i><\/div><\/div>[\/vc_column_inner][vc_column_inner width=\u00bb3\/4&#8243;][vc_empty_space][vc_column_text]<\/p>\n<h2>Cree una cuenta<\/h2>\n<p>[\/vc_column_text][vc_column_text]Cree una cuenta y se le dar\u00e1 su propio c\u00f3digo de referencia \u00fanico en la secci\u00f3n de referencia de su aplicaci\u00f3n o portal. (Registro durante la beta est\u00e1 en la P\u00e1gina principal)[\/vc_column_text]<style type=\"text\/css\" >#b_l3t0ma8c8ynltfz6gyo5 a{color:#ffffff; background:#f48500; margin-top:0px; margin-bottom:0px;  margin-left:0px; margin-right:0px; font-weight:700; border-radius:5px;}#b_l3t0ma8c8ynltfz6gyo5 a:hover{color:#ffffff ; background:#f48500 ;}<\/style><div class=\"ta_left tf_btn_pos\" id=\"b_l3t0ma8c8ynltfz6gyo5\" ><a class=\"rd_normal_bt mediumlarge_rd_bt  \" href=\"https:\/\/console.cudominer.com\/auth\/login?utm_source=www.cudominer.com&amp;utm_medium=website&amp;utm_campaign=mining-2020&amp;utm_content=affiliate-referral-page\" target=\"\"   >Sign up and download<\/a><\/div>[\/vc_column_inner][\/vc_row_inner][vc_row_inner][vc_column_inner width=\u00bb1\/4&#8243;]<style type='text\/css'> @font-face{font-family: 'bk'; src:url('https:\/\/stagingsite.cudoventures.com\/miner\/wp-content\/themes\/thefox\/includes\/4k-icons\/icons\/4k-icons-pack01\/icons\/fonts\/bk.eot'); src:url('https:\/\/stagingsite.cudoventures.com\/miner\/wp-content\/themes\/thefox\/includes\/4k-icons\/icons\/4k-icons-pack01\/icons\/fonts\/bk.eot?#iefix') format('embedded-opentype'), url('https:\/\/stagingsite.cudoventures.com\/miner\/wp-content\/themes\/thefox\/includes\/4k-icons\/icons\/4k-icons-pack01\/icons\/fonts\/bk.woff') format('woff'), url('https:\/\/stagingsite.cudoventures.com\/miner\/wp-content\/themes\/thefox\/includes\/4k-icons\/icons\/4k-icons-pack01\/icons\/fonts\/bk.ttf') format('truetype'), url('https:\/\/stagingsite.cudoventures.com\/miner\/wp-content\/themes\/thefox\/includes\/4k-icons\/icons\/4k-icons-pack01\/icons\/fonts\/bk.svg#oi') format('svg'); font-weight: normal; font-style: normal;}#fourk2 .bk-number-12:before{font-family: 'bk'; font-weight: normal; font-style: normal;}#fourk2 .bk-number-12:before{content: \"\\e00b\";}#fourk2{text-align:center}#fourk2 .fourk-icon{background-color: transparent}#fourk2 .fourk-icon:before{}#fourk2 .fourk-icon:after{}#fourk2 i{font-size:100px;line-height:100px;color:#eb6f00}#fourk2 .fourk-icon.hovered i{}#fourk2 i{text-align: center;}#fourk2{margin-bottom: 20px;}<\/style>\n<div id='fourk2' class='fourk-icon-container'><div class='fourk-icon none none' data-hover-trigger='icon' ><i class='bk-number-12'><\/i><\/div><\/div>[\/vc_column_inner][vc_column_inner width=\u00bb3\/4&#8243;][vc_empty_space][vc_column_text]<\/p>\n<h2>Refiera a los nuevos usuarios<\/h2>\n<p>[\/vc_column_text][vc_column_text]Comparta el enlace en las redes sociales, con amigos, en foros, blogs, boletines informativos o en cualquier otro lugar que pueda pensar. Utilice nuestros banners y postes llenos de auto como se ve en forma. Cuando hagan clic en el enlace sabremos que fue usted quien los refiri\u00f3.[\/vc_column_text][\/vc_column_inner][\/vc_row_inner][vc_row_inner][vc_column_inner width=\u00bb1\/4&#8243;]<style type='text\/css'> @font-face{font-family: 'bk'; src:url('https:\/\/stagingsite.cudoventures.com\/miner\/wp-content\/themes\/thefox\/includes\/4k-icons\/icons\/4k-icons-pack01\/icons\/fonts\/bk.eot'); src:url('https:\/\/stagingsite.cudoventures.com\/miner\/wp-content\/themes\/thefox\/includes\/4k-icons\/icons\/4k-icons-pack01\/icons\/fonts\/bk.eot?#iefix') format('embedded-opentype'), url('https:\/\/stagingsite.cudoventures.com\/miner\/wp-content\/themes\/thefox\/includes\/4k-icons\/icons\/4k-icons-pack01\/icons\/fonts\/bk.woff') format('woff'), url('https:\/\/stagingsite.cudoventures.com\/miner\/wp-content\/themes\/thefox\/includes\/4k-icons\/icons\/4k-icons-pack01\/icons\/fonts\/bk.ttf') format('truetype'), url('https:\/\/stagingsite.cudoventures.com\/miner\/wp-content\/themes\/thefox\/includes\/4k-icons\/icons\/4k-icons-pack01\/icons\/fonts\/bk.svg#oi') format('svg'); font-weight: normal; font-style: normal;}#fourk3 .bk-number-13:before{font-family: 'bk'; font-weight: normal; font-style: normal;}#fourk3 .bk-number-13:before{content: \"\\e00c\";}#fourk3{text-align:center}#fourk3 .fourk-icon{background-color: transparent}#fourk3 .fourk-icon:before{}#fourk3 .fourk-icon:after{}#fourk3 i{font-size:100px;line-height:100px;color:#eb6f00}#fourk3 .fourk-icon.hovered i{}#fourk3 i{text-align: center;}#fourk3{margin-bottom: 20px;}<\/style>\n<div id='fourk3' class='fourk-icon-container'><div class='fourk-icon none none' data-hover-trigger='icon' ><i class='bk-number-13'><\/i><\/div><\/div>[\/vc_column_inner][vc_column_inner width=\u00bb3\/4&#8243;][vc_empty_space][vc_column_text]<\/p>\n<h2>Obtener recompensado<\/h2>\n<p>[\/vc_column_text][vc_column_text]Usted recibir\u00e1 una cuota de ingresos en curso de la comisi\u00f3n de Cudo Minerque es <strong>10 para el primer nivel<\/strong> y luego <strong>5 de todos los que luego se refieren<\/strong>. Usted recibe el pago en Bitcoin o puede cambiar a la moneda elegida.[\/vc_column_text][\/vc_column_inner][\/vc_row_inner][\/vc_column][vc_column width=\u00bb1\/3&#8243; css=\u00bb.vc_custom_1591198311354{padding-right: 20px !important;padding-left: 20px !important;}\u00bb][vc_row_inner css=\u00bb.vc_custom_1591198189768{background-color: #f2f2f2 !important;}\u00bb][vc_column_inner css=\u00bb.vc_custom_1591198238674{padding-top: 35px !important;padding-right: 35px !important;padding-bottom: 35px !important;padding-left: 35px !important;}\u00bb][vc_column_text]<\/p>\n<h2>Gane dos maneras<\/h2>\n<p>[\/vc_column_text]<style type=\"text\/css\" >#rand_3v9sm3sy54ayalcu4r5j {margin-top:0px; margin-bottom:0px; }<\/style><style type='text\/css'> @font-face{font-family: 'fa'; src:url('https:\/\/stagingsite.cudoventures.com\/miner\/wp-content\/themes\/thefox\/includes\/4k-icons\/icons\/4k-icons-pack02\/icons\/fonts\/fa.eot'); src:url('https:\/\/stagingsite.cudoventures.com\/miner\/wp-content\/themes\/thefox\/includes\/4k-icons\/icons\/4k-icons-pack02\/icons\/fonts\/fa.eot?#iefix') format('embedded-opentype'), url('https:\/\/stagingsite.cudoventures.com\/miner\/wp-content\/themes\/thefox\/includes\/4k-icons\/icons\/4k-icons-pack02\/icons\/fonts\/fa.woff') format('woff'), url('https:\/\/stagingsite.cudoventures.com\/miner\/wp-content\/themes\/thefox\/includes\/4k-icons\/icons\/4k-icons-pack02\/icons\/fonts\/fa.ttf') format('truetype'), url('https:\/\/stagingsite.cudoventures.com\/miner\/wp-content\/themes\/thefox\/includes\/4k-icons\/icons\/4k-icons-pack02\/icons\/fonts\/fa.svg#oi') format('svg'); font-weight: normal; font-style: normal;}#rand_3v9sm3sy54ayalcu4r5j .fa-user:before{font-family: 'fa'; font-weight: normal; font-style: normal;}#rand_3v9sm3sy54ayalcu4r5j .fa-user:before{content: \"\\f007\";}<\/style>\n<div id=\"rand_3v9sm3sy54ayalcu4r5j\" class=\"icon_box_si \"><i class=\"fa-user\" style=\"color:#eb6f00;\"><\/i><h3 style=\"color:#2c3e50;\">Tier 1 Referral<\/h3><p style=\"color:#000000\">You&#8217;ll get <strong>10%<\/strong> of the ongoing Cudo mining revenue we earn by your referred user<\/p><\/div><style type=\"text\/css\" >#rand_qnkeomf9ce1hby1ihkvj {margin-top:0px; margin-bottom:0px; }<\/style><style type='text\/css'> @font-face{font-family: 'fa'; src:url('https:\/\/stagingsite.cudoventures.com\/miner\/wp-content\/themes\/thefox\/includes\/4k-icons\/icons\/4k-icons-pack02\/icons\/fonts\/fa.eot'); src:url('https:\/\/stagingsite.cudoventures.com\/miner\/wp-content\/themes\/thefox\/includes\/4k-icons\/icons\/4k-icons-pack02\/icons\/fonts\/fa.eot?#iefix') format('embedded-opentype'), url('https:\/\/stagingsite.cudoventures.com\/miner\/wp-content\/themes\/thefox\/includes\/4k-icons\/icons\/4k-icons-pack02\/icons\/fonts\/fa.woff') format('woff'), url('https:\/\/stagingsite.cudoventures.com\/miner\/wp-content\/themes\/thefox\/includes\/4k-icons\/icons\/4k-icons-pack02\/icons\/fonts\/fa.ttf') format('truetype'), url('https:\/\/stagingsite.cudoventures.com\/miner\/wp-content\/themes\/thefox\/includes\/4k-icons\/icons\/4k-icons-pack02\/icons\/fonts\/fa.svg#oi') format('svg'); font-weight: normal; font-style: normal;}#rand_qnkeomf9ce1hby1ihkvj .fa-users:before{font-family: 'fa'; font-weight: normal; font-style: normal;}<\/style>\n<div id=\"rand_qnkeomf9ce1hby1ihkvj\" class=\"icon_box_si \"><i class=\"fa-users\" style=\"color:#eb6f00;\"><\/i><h3 style=\"color:#2c3e50;\">Tier 2 Referral<\/h3><p style=\"color:#000000\">And get <strong>5%<\/strong> of the ongoing Cudo mining revenue we earn by anyone they then refer to us!<\/p><\/div>[\/vc_column_inner][\/vc_row_inner][\/vc_column][\/vc_row]<\/p>\n","protected":false},"excerpt":{"rendered":"<p>[vc_row source=\u00bb\u00bb text=\u00bbWhy Use Cudo Miner?\u00bb font_container=\u00bbtag:h2|font_size:38|text_align:center|color:%23eb6f00&#8243; use_theme_fonts=\u00bb\u00bb google_fonts=\u00bbfont_family:Lato%3A100%2C100italic%2C300%2C300italic%2Cregular%2Citalic%2C700%2C700italic%2C900%2C900italic|font_style:700%20bold%20regular%3A700%3Anormal\u00bb el_class=\u00bbhome-main-heading-title\u00bb link=\u00bb\u00bb][vc_column][vc_column_text] Cudo Miner Programa de Referencia [\/vc_column_text][vc_column_text] Obtenga un flujo de ingresos continuo por recomendar a los usuarios que se unan a nosotros [\/vc_column_text][\/vc_column][\/vc_row][vc_row css=\u00bb.vc_custom_1591198402798{margin-top: 100px !important;margin-bottom: 100px !important;}\u00bb][vc_column width=\u00bb2\/3&#8243;][vc_row_inner][vc_column_inner width=\u00bb1\/4&#8243;] [\/vc_column_inner][vc_column_inner width=\u00bb3\/4&#8243;][vc_empty_space][vc_column_text] Cree una cuenta [\/vc_column_text][vc_column_text]Cree una cuenta y se le dar\u00e1 su propio<br \/><a href=\"https:\/\/stagingsite.cudoventures.com\/miner\/es\/cryptocurrency-affiliate-referral-program\/\" class=\"more\">Read more<\/a><\/p>\n","protected":false},"author":1,"featured_media":0,"parent":0,"menu_order":0,"comment_status":"closed","ping_status":"closed","template":"","meta":[],"yoast_head":"<!-- This site is optimized with the Yoast SEO plugin v14.7 - https:\/\/yoast.com\/wordpress\/plugins\/seo\/ -->\n<title>CudoMiner<\/title>\n<meta name=\"description\" content=\"Obtenga ingresos sustanciales al referir a otros para monetizar su hardware. Gana desde 10 para siempre por tus referidos y 5 por auto de 2o nivel pagado.\" \/>\n<meta name=\"robots\" content=\"noindex, follow\" \/>\n<meta property=\"og:locale\" content=\"es_ES\" \/>\n<meta property=\"og:type\" content=\"article\" \/>\n<meta property=\"og:title\" content=\"CudoMiner\" \/>\n<meta property=\"og:description\" content=\"Obtenga ingresos sustanciales al referir a otros para monetizar su hardware. Gana desde 10 para siempre por tus referidos y 5 por auto de 2o nivel pagado.\" \/>\n<meta property=\"og:url\" content=\"https:\/\/stagingsite.cudoventures.com\/miner\/es\/cryptocurrency-affiliate-referral-program\/\" \/>\n<meta property=\"og:site_name\" content=\"CudoMiner\" \/>\n<meta property=\"article:modified_time\" content=\"2020-06-19T12:59:38+00:00\" \/>\n<!-- \/ Yoast SEO plugin. -->","_links":{"self":[{"href":"https:\/\/stagingsite.cudoventures.com\/miner\/es\/wp-json\/wp\/v2\/pages\/4442"}],"collection":[{"href":"https:\/\/stagingsite.cudoventures.com\/miner\/es\/wp-json\/wp\/v2\/pages"}],"about":[{"href":"https:\/\/stagingsite.cudoventures.com\/miner\/es\/wp-json\/wp\/v2\/types\/page"}],"author":[{"embeddable":true,"href":"https:\/\/stagingsite.cudoventures.com\/miner\/es\/wp-json\/wp\/v2\/users\/1"}],"replies":[{"embeddable":true,"href":"https:\/\/stagingsite.cudoventures.com\/miner\/es\/wp-json\/wp\/v2\/comments?post=4442"}],"version-history":[{"count":6,"href":"https:\/\/stagingsite.cudoventures.com\/miner\/es\/wp-json\/wp\/v2\/pages\/4442\/revisions"}],"predecessor-version":[{"id":8681,"href":"https:\/\/stagingsite.cudoventures.com\/miner\/es\/wp-json\/wp\/v2\/pages\/4442\/revisions\/8681"}],"wp:attachment":[{"href":"https:\/\/stagingsite.cudoventures.com\/miner\/es\/wp-json\/wp\/v2\/media?parent=4442"}],"curies":[{"name":"wp","href":"https:\/\/api.w.org\/{rel}","templated":true}]}}