{"id":8181,"date":"2020-06-04T10:18:14","date_gmt":"2020-06-04T09:18:14","guid":{"rendered":"https:\/\/stagingsite.cudoventures.com\/miner\/mineria\/"},"modified":"2022-06-13T18:05:40","modified_gmt":"2022-06-13T17:05:40","slug":"mining","status":"publish","type":"page","link":"https:\/\/stagingsite.cudoventures.com\/miner\/es\/mining\/","title":{"rendered":"miner\u00eda"},"content":{"rendered":"<p>[vc_row content_placement=\u00bbbottom\u00bb css=\u00bb.vc_custom_1554220332699{margin-bottom: -50px !important;}\u00bb][vc_column]<style type='text\/css'> @font-face{font-family: ''; src:url('https:\/\/stagingsite.cudoventures.com\/miner\/wp-content\/themes\/thefox\/includes\/4k-icons\/icons\/fonts\/.eot'); src:url('https:\/\/stagingsite.cudoventures.com\/miner\/wp-content\/themes\/thefox\/includes\/4k-icons\/icons\/fonts\/.eot?#iefix') format('embedded-opentype'), url('https:\/\/stagingsite.cudoventures.com\/miner\/wp-content\/themes\/thefox\/includes\/4k-icons\/icons\/fonts\/.woff') format('woff'), url('https:\/\/stagingsite.cudoventures.com\/miner\/wp-content\/themes\/thefox\/includes\/4k-icons\/icons\/fonts\/.ttf') format('truetype'), url('https:\/\/stagingsite.cudoventures.com\/miner\/wp-content\/themes\/thefox\/includes\/4k-icons\/icons\/fonts\/.svg#oi') format('svg'); font-weight: normal; font-style: normal;}#fourk1 .:before{font-family: ''; font-weight: normal; font-style: normal;}#fourk1 .:before{content: \"\";}#fourk1{text-align:center}#fourk1 .fourk-icon{background-color: transparent}#fourk1 .fourk-icon:before{}#fourk1 .fourk-icon:after{}#fourk1 i{font-size:0px;line-height:0px;color:}#fourk1 .fourk-icon.hovered i{}#fourk1 i{text-align: center;}#fourk1{float: ; margin-right: px;}<\/style>\n<div id='fourk1' class='fourk-icon-container'><div class='fourk-icon none none' data-hover-trigger='' ><i class=''><\/i><\/div><\/div>[vc_raw_html]PGxpbmsgcmVsPSJzdHlsZXNoZWV0IiBocmVmPSJodHRwczovL3VzZS5mb250YXdlc29tZS5jb20vcmVsZWFzZXMvdjUuNi4xL2Nzcy9hbGwuY3NzIiBpbnRlZ3JpdHk9InNoYTM4NC1nZmRramI1QmRBWGQrbGorZ3VkTFdJK0JYcTRJdUxXNUlUK2JyWkVac0xGbSsrYUNNbEYxVjkyck1rUGFYNFBQIiBjcm9zc29yaWdpbj0iYW5vbnltb3VzIj4=[\/vc_raw_html][vc_column_text]<\/p>\n<h1 style=\"text-align: center;\">Miner\u00eda con Cudo Miner<\/h1>\n<p>[\/vc_column_text][vc_column_text][\/vc_column_text][\/vc_column][\/vc_row][vc_row type=\u00bbfull-width-section\u00bb css=\u00bb.vc_custom_1554218226454{background-position: center !important;background-repeat: no-repeat !important;background-size: cover !important;}\u00bb font_color=\u00bb#ffffff\u00bb][vc_column][vc_raw_html]PGxpbmsgcmVsPSJzdHlsZXNoZWV0IiBocmVmPSJodHRwczovL3VzZS5mb250YXdlc29tZS5jb20vcmVsZWFzZXMvdjUuNi4xL2Nzcy9hbGwuY3NzIiBpbnRlZ3JpdHk9InNoYTM4NC1nZmRramI1QmRBWGQrbGorZ3VkTFdJK0JYcTRJdUxXNUlUK2JyWkVac0xGbSsrYUNNbEYxVjkyck1rUGFYNFBQIiBjcm9zc29yaWdpbj0iYW5vbnltb3VzIj4=[\/vc_raw_html][vc_row_inner css=\u00bb.vc_custom_1554215997253{margin-bottom: 0px !important;padding-bottom: 15px !important;}\u00bb][vc_column_inner]<style type=\"text\/css\" >#b_leky9rop0ndsuxu6tio9 a{color:#ffffff; background:#e16200; margin-top:px; margin-bottom:px;  margin-left:px; margin-right:px; font-weight:700; border-radius:5px;}#b_leky9rop0ndsuxu6tio9 a:hover{color:#ffffff ; background:#e16200 ;}<\/style><div class=\"ta_center tf_btn_pos\" id=\"b_leky9rop0ndsuxu6tio9\" ><a class=\"rd_normal_bt large_rd_bt  orange-button-link\" href=\"https:\/\/console.cudominer.com\/\" target=\"\"   >Sign Up and Download<\/a><\/div>[vc_column_text]<\/p>\n<p style=\"text-align: center;\"><span style=\"color: #000000;\">\u00bfYa tienes una cuenta? Haga clic aqu\u00ed para <span style=\"color: #f48500;\"><a style=\"color: #f48500;\" href=\"https:\/\/console.cudominer.com\/\">iniciar sesi\u00f3n<\/a><\/span><\/span><\/p>\n<p>[\/vc_column_text][vc_raw_html]PHAgc3R5bGU9InRleHQtYWxpZ246IGNlbnRlcjtjb2xvcjogI2ZiODUwMCI+CiAgPGkgY2xhc3M9ImZhYiBmYS0yeCBmYS13aW5kb3dzIj48L2k+CiAgPGkgc3R5bGU9ImNvbG9yOiAjZmI4NTAwOyBtYXJnaW4tbGVmdDogMTZweCIgY2xhc3M9ImZhYiBmYS0yeCBmYS11YnVudHUiPjwvaT4KICA8aSBzdHlsZT0iY29sb3I6ICNmYjg1MDA7IG1hcmdpbi1sZWZ0OiAxNnB4IiBjbGFzcz0iZmFzIGZhLTJ4IGZhLWZpbGUtZG93bmxvYWQiPjwvaT4KPC9wPg==[\/vc_raw_html][\/vc_column_inner][\/vc_row_inner][\/vc_column][\/vc_row][vc_row type=\u00bbfull-width-section\u00bb css=\u00bb.vc_custom_1586435239699{margin-bottom: -20px !important;padding-bottom: 32px !important;background-color: #ffffff !important;}\u00bb][vc_column][vc_row_inner][vc_column_inner width=\u00bb1\/3&#8243; css=\u00bb.vc_custom_1551491521944{margin-bottom: 40px !important;}\u00bb]<style type=\"text\/css\" >#rand_ugaf6ho1yxcmq5egwiv5 {margin-top:0px; margin-bottom:0px; }<\/style><style type='text\/css'> @font-face{font-family: 'wb'; src:url('https:\/\/stagingsite.cudoventures.com\/miner\/wp-content\/themes\/thefox\/includes\/4k-icons\/icons\/4k-icons-pack05\/icons\/fonts\/wb.eot'); src:url('https:\/\/stagingsite.cudoventures.com\/miner\/wp-content\/themes\/thefox\/includes\/4k-icons\/icons\/4k-icons-pack05\/icons\/fonts\/wb.eot?#iefix') format('embedded-opentype'), url('https:\/\/stagingsite.cudoventures.com\/miner\/wp-content\/themes\/thefox\/includes\/4k-icons\/icons\/4k-icons-pack05\/icons\/fonts\/wb.woff') format('woff'), url('https:\/\/stagingsite.cudoventures.com\/miner\/wp-content\/themes\/thefox\/includes\/4k-icons\/icons\/4k-icons-pack05\/icons\/fonts\/wb.ttf') format('truetype'), url('https:\/\/stagingsite.cudoventures.com\/miner\/wp-content\/themes\/thefox\/includes\/4k-icons\/icons\/4k-icons-pack05\/icons\/fonts\/wb.svg#oi') format('svg'); font-weight: normal; font-style: normal;}#rand_ugaf6ho1yxcmq5egwiv5 .wb-algorhythm:before{font-family: 'wb'; font-weight: normal; font-style: normal;}#rand_ugaf6ho1yxcmq5egwiv5 .wb-algorhythm:before{content: \"\\f0b8\";}<\/style>\n<a href=\"https:\/\/stagingsite.cudoventures.com\/miner\/algorithms\/\" target=\"_self\" ><div id=\"rand_ugaf6ho1yxcmq5egwiv5\" class=\"icon_box_si \"><i class=\"wb-algorhythm\" style=\"color:#eb6f00;\"><\/i><h3 style=\"color:#2c3e50;\">Algoritmos<\/h3><p style=\"color:#000000\">Cudo ofrece servicios de miner\u00eda e inform\u00e1tica para clientes de escritorio, sistemas de operaciones dedicados como CudoOS, granjas mineras, firmware optimizado personalizado y piscinas mineras. Acceda a una lista de algoritmos que son compatibles y pueden ejecutarse en nuestros diversos servicios y plataformas.<\/p>\n<p><span style=\"color: #f48500;\"><a style=\"color: #f48500;\" href=\"https:\/\/stagingsite.cudoventures.com\/miner\/es\/algorithms\/\">Descubre m\u00e1s<\/a><\/span><\/p><\/div><\/a>[\/vc_column_inner][vc_column_inner width=\u00bb1\/3&#8243;]<style type=\"text\/css\" >#rand_q9zytu4l2ud6yqnpp71w {margin-top:0px; margin-bottom:0px; }<\/style><style type='text\/css'> @font-face{font-family: 'ecommerce'; src:url('https:\/\/stagingsite.cudoventures.com\/miner\/wp-content\/themes\/thefox\/includes\/4k-icons\/icons\/4k-icons-pack02\/icons\/fonts\/ecommerce.eot'); src:url('https:\/\/stagingsite.cudoventures.com\/miner\/wp-content\/themes\/thefox\/includes\/4k-icons\/icons\/4k-icons-pack02\/icons\/fonts\/ecommerce.eot?#iefix') format('embedded-opentype'), url('https:\/\/stagingsite.cudoventures.com\/miner\/wp-content\/themes\/thefox\/includes\/4k-icons\/icons\/4k-icons-pack02\/icons\/fonts\/ecommerce.woff') format('woff'), url('https:\/\/stagingsite.cudoventures.com\/miner\/wp-content\/themes\/thefox\/includes\/4k-icons\/icons\/4k-icons-pack02\/icons\/fonts\/ecommerce.ttf') format('truetype'), url('https:\/\/stagingsite.cudoventures.com\/miner\/wp-content\/themes\/thefox\/includes\/4k-icons\/icons\/4k-icons-pack02\/icons\/fonts\/ecommerce.svg#oi') format('svg'); font-weight: normal; font-style: normal;}#rand_q9zytu4l2ud6yqnpp71w .ecommerce-coins15:before{font-family: 'ecommerce'; font-weight: normal; font-style: normal;}#rand_q9zytu4l2ud6yqnpp71w .ecommerce-coins15:before{content: \"\\e812\";}<\/style>\n<a href=\"https:\/\/stagingsite.cudoventures.com\/miner\/coins-available\/\" target=\"_self\" ><div id=\"rand_q9zytu4l2ud6yqnpp71w\" class=\"icon_box_si \"><i class=\"ecommerce-coins15\" style=\"color:#eb6f00;\"><\/i><h3 style=\"color:#2c3e50;\">Monedas disponibles<\/h3><p style=\"color:#000000\">Cudo Miner es compatible con un vairety de monedas minable y monedas de pago. Puede ver la tabla completa de monedas compatibles aqu\u00ed. Monedas de pago adicionales est\u00e1n en la hoja de ruta.<\/p>\n<p><a href=\"https:\/\/stagingsite.cudoventures.com\/miner\/es\/coins-available\/\"><span style=\"color: #f48500;\">Descubre m\u00e1s<\/span><\/a><\/p>\n<p>&nbsp;<\/p>\n<p><\/p><\/div><\/a>[\/vc_column_inner][vc_column_inner width=\u00bb1\/3&#8243;]<style type=\"text\/css\" >#rand_qlff5ckq69m608vn1pah {margin-top:0px; margin-bottom:0px; }<\/style><style type='text\/css'> @font-face{font-family: 'zm'; src:url('https:\/\/stagingsite.cudoventures.com\/miner\/wp-content\/themes\/thefox\/includes\/4k-icons\/icons\/4k-icons-pack05\/icons\/fonts\/zm.eot'); src:url('https:\/\/stagingsite.cudoventures.com\/miner\/wp-content\/themes\/thefox\/includes\/4k-icons\/icons\/4k-icons-pack05\/icons\/fonts\/zm.eot?#iefix') format('embedded-opentype'), url('https:\/\/stagingsite.cudoventures.com\/miner\/wp-content\/themes\/thefox\/includes\/4k-icons\/icons\/4k-icons-pack05\/icons\/fonts\/zm.woff') format('woff'), url('https:\/\/stagingsite.cudoventures.com\/miner\/wp-content\/themes\/thefox\/includes\/4k-icons\/icons\/4k-icons-pack05\/icons\/fonts\/zm.ttf') format('truetype'), url('https:\/\/stagingsite.cudoventures.com\/miner\/wp-content\/themes\/thefox\/includes\/4k-icons\/icons\/4k-icons-pack05\/icons\/fonts\/zm.svg#oi') format('svg'); font-weight: normal; font-style: normal;}#rand_qlff5ckq69m608vn1pah .zm-hardware:before{font-family: 'zm'; font-weight: normal; font-style: normal;}#rand_qlff5ckq69m608vn1pah .zm-hardware:before{content: \"\\e018\";}<\/style>\n<a href=\"https:\/\/stagingsite.cudoventures.com\/miner\/hardware-sellers\/\" target=\"_self\" ><div id=\"rand_qlff5ckq69m608vn1pah\" class=\"icon_box_si \"><i class=\"zm-hardware\" style=\"color:#eb6f00;\"><\/i><h3 style=\"color:#2c3e50;\">Vendedores de hardware<\/h3><p style=\"color:#000000\">Cudo se enorgullece de trabajar con fabricantes de hardware y proveedores de todo el mundo que apoyan la industria minera. Tambi\u00e9n trabajamos con proveedores de energ\u00eda globales, granjas mineras e instalaciones para saber d\u00f3nde hay capacidad disponible al mejor precio para satisfacer sus necesidades. Esto nos permite tener una visi\u00f3n no sesgada y \u00fanica de la industria para proporcionarle asesoramiento y acceso directo a estos proveedores en todo el mundo. Podemos ayudar con los requisitos centrados en OPEX o capeX.<\/p>\n<p><span style=\"color: #f48500;\"><a style=\"color: #f48500;\" href=\"https:\/\/stagingsite.cudoventures.com\/miner\/es\/hardware-sellers\/\">Descubre m\u00e1s<\/a><\/span><\/p><\/div><\/a>[\/vc_column_inner][\/vc_row_inner][vc_row_inner][vc_column_inner width=\u00bb1\/3&#8243; css=\u00bb.vc_custom_1551491602645{margin-bottom: 40px !important;}\u00bb]<style type=\"text\/css\" >#rand_5m0sssg0ef19qwkbr13s {margin-top:0px; margin-bottom:0px; }<\/style><style type='text\/css'> @font-face{font-family: 'fa'; src:url('https:\/\/stagingsite.cudoventures.com\/miner\/wp-content\/themes\/thefox\/includes\/4k-icons\/icons\/4k-icons-pack02\/icons\/fonts\/fa.eot'); src:url('https:\/\/stagingsite.cudoventures.com\/miner\/wp-content\/themes\/thefox\/includes\/4k-icons\/icons\/4k-icons-pack02\/icons\/fonts\/fa.eot?#iefix') format('embedded-opentype'), url('https:\/\/stagingsite.cudoventures.com\/miner\/wp-content\/themes\/thefox\/includes\/4k-icons\/icons\/4k-icons-pack02\/icons\/fonts\/fa.woff') format('woff'), url('https:\/\/stagingsite.cudoventures.com\/miner\/wp-content\/themes\/thefox\/includes\/4k-icons\/icons\/4k-icons-pack02\/icons\/fonts\/fa.ttf') format('truetype'), url('https:\/\/stagingsite.cudoventures.com\/miner\/wp-content\/themes\/thefox\/includes\/4k-icons\/icons\/4k-icons-pack02\/icons\/fonts\/fa.svg#oi') format('svg'); font-weight: normal; font-style: normal;}#rand_5m0sssg0ef19qwkbr13s .fa-cogs:before{font-family: 'fa'; font-weight: normal; font-style: normal;}<\/style>\n<a href=\"https:\/\/stagingsite.cudoventures.com\/miner\/optimised-mining\/\" target=\"_self\" ><div id=\"rand_5m0sssg0ef19qwkbr13s\" class=\"icon_box_si \"><i class=\"fa-cogs\" style=\"color:#eb6f00;\"><\/i><h3 style=\"color:#2c3e50;\">Miner\u00eda optimizada<\/h3><p style=\"color:#000000\">Cudo trabaja directamente con los fabricantes de hardware para optimizar el rendimiento de miner\u00eda de CPU, GPU, ASIC y FPGA. Esto permite a Cudo escribir configuraciones y mejoras a nivel de controlador, BIOS y firmware para garantizar que nuestros usuarios puedan obtener el m\u00e1ximo rendimiento y los niveles de potencia m\u00e1s eficientes.<\/p>\n<p><span style=\"color: #f48500;\"><a style=\"color: #f48500;\" href=\"https:\/\/stagingsite.cudoventures.com\/miner\/es\/mineria-optimizada\/\">Descubre m\u00e1s<\/a><\/span><\/p><\/div><\/a>[\/vc_column_inner][vc_column_inner width=\u00bb1\/3&#8243;]<style type=\"text\/css\" >#rand_6rcxfjpqgptq4plxzbe0 {margin-top:0px; margin-bottom:0px; }<\/style><style type='text\/css'> @font-face{font-family: ''; src:url('https:\/\/stagingsite.cudoventures.com\/miner\/wp-content\/themes\/thefox\/includes\/4k-icons\/icons\/fonts\/.eot'); src:url('https:\/\/stagingsite.cudoventures.com\/miner\/wp-content\/themes\/thefox\/includes\/4k-icons\/icons\/fonts\/.eot?#iefix') format('embedded-opentype'), url('https:\/\/stagingsite.cudoventures.com\/miner\/wp-content\/themes\/thefox\/includes\/4k-icons\/icons\/fonts\/.woff') format('woff'), url('https:\/\/stagingsite.cudoventures.com\/miner\/wp-content\/themes\/thefox\/includes\/4k-icons\/icons\/fonts\/.ttf') format('truetype'), url('https:\/\/stagingsite.cudoventures.com\/miner\/wp-content\/themes\/thefox\/includes\/4k-icons\/icons\/fonts\/.svg#oi') format('svg'); font-weight: normal; font-style: normal;}#rand_6rcxfjpqgptq4plxzbe0 .:before{font-family: ''; font-weight: normal; font-style: normal;}<\/style>\n<a href=\"https:\/\/stagingsite.cudoventures.com\/miner\/supported-hardware\/\" target=\"_self\" ><div id=\"rand_6rcxfjpqgptq4plxzbe0\" class=\"icon_box_si \"><i class=\"fa-cog\" style=\"color:#eb6f00;\"><\/i><h3 style=\"color:#2c3e50;\">Hardware compatible<\/h3><p style=\"color:#000000\">Cudo es capaz de soportar la amplia gama de hardware de miner\u00eda de CPU, GPU, FPGA y ASIC. Esto es de plataformas de gesti\u00f3n, mineros automatizados, cambio de beneficios y piscinas mineras. Obtenga m\u00e1s informaci\u00f3n sobre el hardware compatible.<\/p>\n<p><span style=\"color: #f48500;\"><a style=\"color: #f48500;\" href=\"https:\/\/stagingsite.cudoventures.com\/miner\/es\/hardware-compatible\/\">Descubre m\u00e1s<\/a><\/span><\/p><\/div><\/a>[\/vc_column_inner][vc_column_inner width=\u00bb1\/3&#8243;]<style type=\"text\/css\" >#rand_10is3b1hzl18jgqrt67s {margin-top:0px; margin-bottom:0px; }<\/style><style type='text\/css'> @font-face{font-family: 'fa'; src:url('https:\/\/stagingsite.cudoventures.com\/miner\/wp-content\/themes\/thefox\/includes\/4k-icons\/icons\/4k-icons-pack02\/icons\/fonts\/fa.eot'); src:url('https:\/\/stagingsite.cudoventures.com\/miner\/wp-content\/themes\/thefox\/includes\/4k-icons\/icons\/4k-icons-pack02\/icons\/fonts\/fa.eot?#iefix') format('embedded-opentype'), url('https:\/\/stagingsite.cudoventures.com\/miner\/wp-content\/themes\/thefox\/includes\/4k-icons\/icons\/4k-icons-pack02\/icons\/fonts\/fa.woff') format('woff'), url('https:\/\/stagingsite.cudoventures.com\/miner\/wp-content\/themes\/thefox\/includes\/4k-icons\/icons\/4k-icons-pack02\/icons\/fonts\/fa.ttf') format('truetype'), url('https:\/\/stagingsite.cudoventures.com\/miner\/wp-content\/themes\/thefox\/includes\/4k-icons\/icons\/4k-icons-pack02\/icons\/fonts\/fa.svg#oi') format('svg'); font-weight: normal; font-style: normal;}#rand_10is3b1hzl18jgqrt67s .fa-sort-alpha-asc:before{font-family: 'fa'; font-weight: normal; font-style: normal;}#rand_10is3b1hzl18jgqrt67s .fa-sort-alpha-asc:before{content: \"\\f15d\";}<\/style>\n<a href=\"https:\/\/stagingsite.cudoventures.com\/miner\/supported-miners\/\" target=\"_self\" ><div id=\"rand_10is3b1hzl18jgqrt67s\" class=\"icon_box_si \"><i class=\"fa-sort-alpha-asc\" style=\"color:#eb6f00;\"><\/i><h3 style=\"color:#2c3e50;\">Mineros apoyados<\/h3><p style=\"color:#000000\">El software Cudo es compatible con la mayor\u00eda de los diferentes mineros en la industria. Hay m\u00e1s de 100 algoritmos y un gran n\u00famero de mineros todos con diferentes niveles de rendimiento. Los mineros a menudo se actualizan semanalmente o incluso a diario. Tambi\u00e9n las bifurcaciones y actualizaciones de la red significan que necesita actualizar constantemente sus mineros para garantizar el tiempo de actividad y la rentabilidad. Esto puede llevar mucho tiempo. Por defecto Cudo ha automatizado todo este proceso. Tambi\u00e9n puede optar por ejecutar manualmente sus propios mineros en el software.<\/p>\n<p><span style=\"color: #f48500;\"><a style=\"color: #f48500;\" href=\"https:\/\/stagingsite.cudoventures.com\/miner\/es\/mineros-apoyados\/\">Descubre m\u00e1s<\/a><\/span><\/p><\/div><\/a>[\/vc_column_inner][\/vc_row_inner][vc_row_inner][vc_column_inner width=\u00bb1\/3&#8243;]<style type=\"text\/css\" >#rand_4z48ccwv524sog6ssri3 {margin-top:0px; margin-bottom:0px; }<\/style><style type='text\/css'> @font-face{font-family: 'fa'; src:url('https:\/\/stagingsite.cudoventures.com\/miner\/wp-content\/themes\/thefox\/includes\/4k-icons\/icons\/4k-icons-pack02\/icons\/fonts\/fa.eot'); src:url('https:\/\/stagingsite.cudoventures.com\/miner\/wp-content\/themes\/thefox\/includes\/4k-icons\/icons\/4k-icons-pack02\/icons\/fonts\/fa.eot?#iefix') format('embedded-opentype'), url('https:\/\/stagingsite.cudoventures.com\/miner\/wp-content\/themes\/thefox\/includes\/4k-icons\/icons\/4k-icons-pack02\/icons\/fonts\/fa.woff') format('woff'), url('https:\/\/stagingsite.cudoventures.com\/miner\/wp-content\/themes\/thefox\/includes\/4k-icons\/icons\/4k-icons-pack02\/icons\/fonts\/fa.ttf') format('truetype'), url('https:\/\/stagingsite.cudoventures.com\/miner\/wp-content\/themes\/thefox\/includes\/4k-icons\/icons\/4k-icons-pack02\/icons\/fonts\/fa.svg#oi') format('svg'); font-weight: normal; font-style: normal;}#rand_4z48ccwv524sog6ssri3 .fa-book:before{font-family: 'fa'; font-weight: normal; font-style: normal;}#rand_4z48ccwv524sog6ssri3 .fa-book:before{content: \"\\f02d\";}<\/style>\n<a href=\"https:\/\/stagingsite.cudoventures.com\/miner\/the-ultimate-guide-to-mining\/\" target=\"_blank\" ><div id=\"rand_4z48ccwv524sog6ssri3\" class=\"icon_box_si \"><i class=\"fa-book\" style=\"color:#eb6f00;\"><\/i><h3 style=\"color:#2c3e50;\">La gu\u00eda definitiva para la miner\u00eda<\/h3><p style=\"color:#000000\">Para cualquier persona interesada en criptomoneda, miner\u00eda, o hacer dinero con \u00e9l (o todo lo anterior), hemos creado la Gu\u00eda definitiva para la miner\u00eda. Esta gu\u00eda f\u00e1cil de seguir le habla a trav\u00e9s de sus opciones, ayud\u00e1ndole a elegir el hardware adecuado, a averiguar si est\u00e1 obteniendo un buen valor y a ofrecer algunos consejos de expertos para ayudarle en su camino.<\/p>\n<p><span style=\"color: #f48500;\"><a style=\"color: #f48500;\" href=\"https:\/\/stagingsite.cudoventures.com\/miner\/es\/la-guia-definitiva-para-la-mineria\/\">Descubre m\u00e1s<\/a><\/span><\/p><\/div><\/a>[\/vc_column_inner][\/vc_row_inner][\/vc_column][\/vc_row][vc_row type=\u00bbfull-width-section\u00bb css=\u00bb.vc_custom_1555508888733{margin-bottom: -50px !important;background-color: #ff8b00 !important;background-position: center !important;background-repeat: no-repeat !important;background-size: cover !important;}\u00bb font_color=\u00bb#ffffff\u00bb][vc_column][vc_raw_html]PGxpbmsgcmVsPSJzdHlsZXNoZWV0IiBocmVmPSJodHRwczovL3VzZS5mb250YXdlc29tZS5jb20vcmVsZWFzZXMvdjUuNi4xL2Nzcy9hbGwuY3NzIiBpbnRlZ3JpdHk9InNoYTM4NC1nZmRramI1QmRBWGQrbGorZ3VkTFdJK0JYcTRJdUxXNUlUK2JyWkVac0xGbSsrYUNNbEYxVjkyck1rUGFYNFBQIiBjcm9zc29yaWdpbj0iYW5vbnltb3VzIj4=[\/vc_raw_html][vc_row_inner css=\u00bb.vc_custom_1555508055290{margin-bottom: 0px !important;padding-bottom: 15px !important;}\u00bb][vc_column_inner]<style type=\"text\/css\" >#b_2n85jg89pvss19v6r6j0 a{color:#ffffff; background:#e16200; margin-top:px; margin-bottom:px;  margin-left:px; margin-right:px; font-weight:700; border-radius:5px;}#b_2n85jg89pvss19v6r6j0 a:hover{color:#ffffff ; background:#e16200 ;}<\/style><div class=\"ta_center tf_btn_pos\" id=\"b_2n85jg89pvss19v6r6j0\" ><a class=\"rd_normal_bt large_rd_bt  orange-button-link\" href=\"https:\/\/console.cudominer.com\/\" target=\"\"   >Sign Up and Download<\/a><\/div>[vc_raw_html]PHAgc3R5bGU9InRleHQtYWxpZ246IGNlbnRlcjsiPgogIDxpIGNsYXNzPSJmYWIgZmEtMnggZmEtd2luZG93cyI+PC9pPgogIDxpIHN0eWxlPSJtYXJnaW4tbGVmdDogMTZweCIgY2xhc3M9ImZhYiBmYS0yeCBmYS11YnVudHUiPjwvaT4KICA8aSBzdHlsZT0ibWFyZ2luLWxlZnQ6IDE2cHgiIGNsYXNzPSJmYXMgZmEtMnggZmEtZmlsZS1kb3dubG9hZCI+PC9pPgo8L3A+[\/vc_raw_html][\/vc_column_inner][\/vc_row_inner][\/vc_column][\/vc_row]<\/p>\n","protected":false},"excerpt":{"rendered":"<p>[vc_row content_placement=\u00bbbottom\u00bb css=\u00bb.vc_custom_1554220332699{margin-bottom: -50px !important;}\u00bb][vc_column] [vc_raw_html]PGxpbmsgcmVsPSJzdHlsZXNoZWV0IiBocmVmPSJodHRwczovL3VzZS5mb250YXdlc29tZS5jb20vcmVsZWFzZXMvdjUuNi4xL2Nzcy9hbGwuY3NzIiBpbnRlZ3JpdHk9InNoYTM4NC1nZmRramI1QmRBWGQrbGorZ3VkTFdJK0JYcTRJdUxXNUlUK2JyWkVac0xGbSsrYUNNbEYxVjkyck1rUGFYNFBQIiBjcm9zc29yaWdpbj0iYW5vbnltb3VzIj4=[\/vc_raw_html][vc_column_text] Miner\u00eda con Cudo Miner [\/vc_column_text][vc_column_text][\/vc_column_text][\/vc_column][\/vc_row][vc_row type=\u00bbfull-width-section\u00bb css=\u00bb.vc_custom_1554218226454{background-position: center !important;background-repeat: no-repeat !important;background-size: cover !important;}\u00bb font_color=\u00bb#ffffff\u00bb][vc_column][vc_raw_html]PGxpbmsgcmVsPSJzdHlsZXNoZWV0IiBocmVmPSJodHRwczovL3VzZS5mb250YXdlc29tZS5jb20vcmVsZWFzZXMvdjUuNi4xL2Nzcy9hbGwuY3NzIiBpbnRlZ3JpdHk9InNoYTM4NC1nZmRramI1QmRBWGQrbGorZ3VkTFdJK0JYcTRJdUxXNUlUK2JyWkVac0xGbSsrYUNNbEYxVjkyck1rUGFYNFBQIiBjcm9zc29yaWdpbj0iYW5vbnltb3VzIj4=[\/vc_raw_html][vc_row_inner css=\u00bb.vc_custom_1554215997253{margin-bottom: 0px !important;padding-bottom: 15px !important;}\u00bb][vc_column_inner]Sign Up and Download[vc_column_text] \u00bfYa tienes una cuenta? Haga clic aqu\u00ed para iniciar sesi\u00f3n [\/vc_column_text][vc_raw_html]PHAgc3R5bGU9InRleHQtYWxpZ246IGNlbnRlcjtjb2xvcjogI2ZiODUwMCI+CiAgPGkgY2xhc3M9ImZhYiBmYS0yeCBmYS13aW5kb3dzIj48L2k+CiAgPGkgc3R5bGU9ImNvbG9yOiAjZmI4NTAwOyBtYXJnaW4tbGVmdDogMTZweCIgY2xhc3M9ImZhYiBmYS0yeCBmYS11YnVudHUiPjwvaT4KICA8aSBzdHlsZT0iY29sb3I6ICNmYjg1MDA7IG1hcmdpbi1sZWZ0OiAxNnB4IiBjbGFzcz0iZmFzIGZhLTJ4IGZhLWZpbGUtZG93bmxvYWQiPjwvaT4KPC9wPg==[\/vc_raw_html][\/vc_column_inner][\/vc_row_inner][\/vc_column][\/vc_row][vc_row type=\u00bbfull-width-section\u00bb css=\u00bb.vc_custom_1586435239699{margin-bottom: -20px !important;padding-bottom: 32px !important;background-color: #ffffff !important;}\u00bb][vc_column][vc_row_inner][vc_column_inner width=\u00bb1\/3&#8243; css=\u00bb.vc_custom_1551491521944{margin-bottom: 40px !important;}\u00bb] AlgoritmosCudo ofrece servicios de<br \/><a href=\"https:\/\/stagingsite.cudoventures.com\/miner\/es\/mining\/\" class=\"more\">Read more<\/a><\/p>\n","protected":false},"author":1,"featured_media":0,"parent":0,"menu_order":0,"comment_status":"closed","ping_status":"closed","template":"","meta":[],"yoast_head":"<!-- This site is optimized with the Yoast SEO plugin v14.7 - https:\/\/yoast.com\/wordpress\/plugins\/seo\/ -->\n<title>CudoMiner<\/title>\n<meta name=\"robots\" content=\"noindex, follow\" \/>\n<meta property=\"og:locale\" content=\"es_ES\" \/>\n<meta property=\"og:type\" content=\"article\" \/>\n<meta property=\"og:title\" content=\"CudoMiner\" \/>\n<meta property=\"og:description\" content=\"[vc_row content_placement=\u00bbbottom\u00bb css=\u00bb.vc_custom_1554220332699{margin-bottom: -50px !important;}\u00bb][vc_column] [vc_raw_html]PGxpbmsgcmVsPSJzdHlsZXNoZWV0IiBocmVmPSJodHRwczovL3VzZS5mb250YXdlc29tZS5jb20vcmVsZWFzZXMvdjUuNi4xL2Nzcy9hbGwuY3NzIiBpbnRlZ3JpdHk9InNoYTM4NC1nZmRramI1QmRBWGQrbGorZ3VkTFdJK0JYcTRJdUxXNUlUK2JyWkVac0xGbSsrYUNNbEYxVjkyck1rUGFYNFBQIiBjcm9zc29yaWdpbj0iYW5vbnltb3VzIj4=[\/vc_raw_html][vc_column_text] Miner\u00eda con Cudo Miner [\/vc_column_text][vc_column_text][\/vc_column_text][\/vc_column][\/vc_row][vc_row type=\u00bbfull-width-section\u00bb css=\u00bb.vc_custom_1554218226454{background-position: center !important;background-repeat: no-repeat !important;background-size: cover !important;}\u00bb font_color=\u00bb#ffffff\u00bb][vc_column][vc_raw_html]PGxpbmsgcmVsPSJzdHlsZXNoZWV0IiBocmVmPSJodHRwczovL3VzZS5mb250YXdlc29tZS5jb20vcmVsZWFzZXMvdjUuNi4xL2Nzcy9hbGwuY3NzIiBpbnRlZ3JpdHk9InNoYTM4NC1nZmRramI1QmRBWGQrbGorZ3VkTFdJK0JYcTRJdUxXNUlUK2JyWkVac0xGbSsrYUNNbEYxVjkyck1rUGFYNFBQIiBjcm9zc29yaWdpbj0iYW5vbnltb3VzIj4=[\/vc_raw_html][vc_row_inner css=\u00bb.vc_custom_1554215997253{margin-bottom: 0px !important;padding-bottom: 15px !important;}\u00bb][vc_column_inner]Sign Up and Download[vc_column_text] \u00bfYa tienes una cuenta? Haga clic aqu\u00ed para iniciar sesi\u00f3n [\/vc_column_text][vc_raw_html]PHAgc3R5bGU9InRleHQtYWxpZ246IGNlbnRlcjtjb2xvcjogI2ZiODUwMCI+CiAgPGkgY2xhc3M9ImZhYiBmYS0yeCBmYS13aW5kb3dzIj48L2k+CiAgPGkgc3R5bGU9ImNvbG9yOiAjZmI4NTAwOyBtYXJnaW4tbGVmdDogMTZweCIgY2xhc3M9ImZhYiBmYS0yeCBmYS11YnVudHUiPjwvaT4KICA8aSBzdHlsZT0iY29sb3I6ICNmYjg1MDA7IG1hcmdpbi1sZWZ0OiAxNnB4IiBjbGFzcz0iZmFzIGZhLTJ4IGZhLWZpbGUtZG93bmxvYWQiPjwvaT4KPC9wPg==[\/vc_raw_html][\/vc_column_inner][\/vc_row_inner][\/vc_column][\/vc_row][vc_row type=\u00bbfull-width-section\u00bb css=\u00bb.vc_custom_1586435239699{margin-bottom: -20px !important;padding-bottom: 32px !important;background-color: #ffffff !important;}\u00bb][vc_column][vc_row_inner][vc_column_inner width=\u00bb1\/3&#8243; css=\u00bb.vc_custom_1551491521944{margin-bottom: 40px !important;}\u00bb] AlgoritmosCudo ofrece servicios deRead more\" \/>\n<meta property=\"og:url\" content=\"https:\/\/stagingsite.cudoventures.com\/miner\/es\/mining\/\" \/>\n<meta property=\"og:site_name\" content=\"CudoMiner\" \/>\n<meta property=\"article:modified_time\" content=\"2022-06-13T17:05:40+00:00\" \/>\n<!-- \/ Yoast SEO plugin. -->","_links":{"self":[{"href":"https:\/\/stagingsite.cudoventures.com\/miner\/es\/wp-json\/wp\/v2\/pages\/8181"}],"collection":[{"href":"https:\/\/stagingsite.cudoventures.com\/miner\/es\/wp-json\/wp\/v2\/pages"}],"about":[{"href":"https:\/\/stagingsite.cudoventures.com\/miner\/es\/wp-json\/wp\/v2\/types\/page"}],"author":[{"embeddable":true,"href":"https:\/\/stagingsite.cudoventures.com\/miner\/es\/wp-json\/wp\/v2\/users\/1"}],"replies":[{"embeddable":true,"href":"https:\/\/stagingsite.cudoventures.com\/miner\/es\/wp-json\/wp\/v2\/comments?post=8181"}],"version-history":[{"count":7,"href":"https:\/\/stagingsite.cudoventures.com\/miner\/es\/wp-json\/wp\/v2\/pages\/8181\/revisions"}],"predecessor-version":[{"id":10259,"href":"https:\/\/stagingsite.cudoventures.com\/miner\/es\/wp-json\/wp\/v2\/pages\/8181\/revisions\/10259"}],"wp:attachment":[{"href":"https:\/\/stagingsite.cudoventures.com\/miner\/es\/wp-json\/wp\/v2\/media?parent=8181"}],"curies":[{"name":"wp","href":"https:\/\/api.w.org\/{rel}","templated":true}]}}