{"id":8194,"date":"2020-06-04T10:33:28","date_gmt":"2020-06-04T09:33:28","guid":{"rendered":"https:\/\/stagingsite.cudoventures.com\/miner\/mineria-optimizada\/"},"modified":"2022-06-24T14:48:19","modified_gmt":"2022-06-24T13:48:19","slug":"mineria-optimizada","status":"publish","type":"page","link":"https:\/\/stagingsite.cudoventures.com\/miner\/es\/mineria-optimizada\/","title":{"rendered":"Miner\u00eda optimizada"},"content":{"rendered":"<p>[vc_row content_placement=\u00bbbottom\u00bb css=\u00bb.vc_custom_1586972777764{margin-bottom: -25px !important;}\u00bb][vc_column]<style type='text\/css'> @font-face{font-family: ''; src:url('https:\/\/stagingsite.cudoventures.com\/miner\/wp-content\/themes\/thefox\/includes\/4k-icons\/icons\/fonts\/.eot'); src:url('https:\/\/stagingsite.cudoventures.com\/miner\/wp-content\/themes\/thefox\/includes\/4k-icons\/icons\/fonts\/.eot?#iefix') format('embedded-opentype'), url('https:\/\/stagingsite.cudoventures.com\/miner\/wp-content\/themes\/thefox\/includes\/4k-icons\/icons\/fonts\/.woff') format('woff'), url('https:\/\/stagingsite.cudoventures.com\/miner\/wp-content\/themes\/thefox\/includes\/4k-icons\/icons\/fonts\/.ttf') format('truetype'), url('https:\/\/stagingsite.cudoventures.com\/miner\/wp-content\/themes\/thefox\/includes\/4k-icons\/icons\/fonts\/.svg#oi') format('svg'); font-weight: normal; font-style: normal;}#fourk1 .:before{font-family: ''; font-weight: normal; font-style: normal;}#fourk1 .:before{content: \"\";}#fourk1{text-align:center}#fourk1 .fourk-icon{background-color: transparent}#fourk1 .fourk-icon:before{}#fourk1 .fourk-icon:after{}#fourk1 i{font-size:0px;line-height:0px;color:}#fourk1 .fourk-icon.hovered i{}#fourk1 i{text-align: center;}#fourk1{float: ; margin-right: px;}<\/style>\n<div id='fourk1' class='fourk-icon-container'><div class='fourk-icon none none' data-hover-trigger='' ><i class=''><\/i><\/div><\/div>[vc_raw_html]PGxpbmsgcmVsPSJzdHlsZXNoZWV0IiBocmVmPSJodHRwczovL3VzZS5mb250YXdlc29tZS5jb20vcmVsZWFzZXMvdjUuNi4xL2Nzcy9hbGwuY3NzIiBpbnRlZ3JpdHk9InNoYTM4NC1nZmRramI1QmRBWGQrbGorZ3VkTFdJK0JYcTRJdUxXNUlUK2JyWkVac0xGbSsrYUNNbEYxVjkyck1rUGFYNFBQIiBjcm9zc29yaWdpbj0iYW5vbnltb3VzIj4=[\/vc_raw_html][vc_column_text]<\/p>\n<h1 style=\"text-align: center;\">Miner\u00eda optimizada<\/h1>\n<p>[\/vc_column_text][\/vc_column][\/vc_row][vc_row type=\u00bbfull-width-section\u00bb css=\u00bb.vc_custom_1554218226454{background-position: center !important;background-repeat: no-repeat !important;background-size: cover !important;}\u00bb font_color=\u00bb#ffffff\u00bb][vc_column][vc_raw_html]PGxpbmsgcmVsPSJzdHlsZXNoZWV0IiBocmVmPSJodHRwczovL3VzZS5mb250YXdlc29tZS5jb20vcmVsZWFzZXMvdjUuNi4xL2Nzcy9hbGwuY3NzIiBpbnRlZ3JpdHk9InNoYTM4NC1nZmRramI1QmRBWGQrbGorZ3VkTFdJK0JYcTRJdUxXNUlUK2JyWkVac0xGbSsrYUNNbEYxVjkyck1rUGFYNFBQIiBjcm9zc29yaWdpbj0iYW5vbnltb3VzIj4=[\/vc_raw_html][vc_row_inner css=\u00bb.vc_custom_1554215997253{margin-bottom: 0px !important;padding-bottom: 15px !important;}\u00bb][vc_column_inner]<style type=\"text\/css\" >#b_6c96iuwdr0962ffuniwo a{color:#ffffff; background:#e16200; margin-top:px; margin-bottom:px;  margin-left:px; margin-right:px; font-weight:700; border-radius:5px;}#b_6c96iuwdr0962ffuniwo a:hover{color:#ffffff ; background:#e16200 ;}<\/style><div class=\"ta_center tf_btn_pos\" id=\"b_6c96iuwdr0962ffuniwo\" ><a class=\"rd_normal_bt large_rd_bt  orange-button-link\" href=\"https:\/\/console.cudominer.com\/auth\/login?utm_source=www.cudominer.com&amp;utm_medium=website&amp;utm_campaign=mining-2020&amp;utm_content=optimised-mining-page\" target=\"\"   >Sign Up and Download<\/a><\/div>[vc_column_text]<\/p>\n<p style=\"text-align: center;\"><span style=\"color: #000000;\">\u00bfYa tienes una cuenta? Haga clic aqu\u00ed para <span style=\"color: #f48500;\"><a style=\"color: #f48500;\" href=\"https:\/\/console.cudominer.com\/\">iniciar sesi\u00f3n<\/a><\/span><\/span><\/p>\n<p>[\/vc_column_text][vc_raw_html]PHAgc3R5bGU9InRleHQtYWxpZ246IGNlbnRlcjtjb2xvcjogI2ZiODUwMCI+CiAgPGkgY2xhc3M9ImZhYiBmYS0yeCBmYS13aW5kb3dzIj48L2k+CiAgPGkgc3R5bGU9ImNvbG9yOiAjZmI4NTAwOyBtYXJnaW4tbGVmdDogMTZweCIgY2xhc3M9ImZhYiBmYS0yeCBmYS11YnVudHUiPjwvaT4KICA8aSBzdHlsZT0iY29sb3I6ICNmYjg1MDA7IG1hcmdpbi1sZWZ0OiAxNnB4IiBjbGFzcz0iZmFzIGZhLTJ4IGZhLWZpbGUtZG93bmxvYWQiPjwvaT4KPC9wPg==[\/vc_raw_html][\/vc_column_inner][\/vc_row_inner][\/vc_column][\/vc_row][vc_row type=\u00bbfull-width-section\u00bb css=\u00bb.vc_custom_1586965940419{padding-top: 50px !important;padding-bottom: 50px !important;background-color: #f6f6f7 !important;}\u00bb][vc_column width=\u00bb1\/2&#8243;][vc_column_text]<\/p>\n<h2><span style=\"color: #f48500;\">Rendimiento de miner\u00eda optimizado de ASIC\/GPU<\/span><\/h2>\n<p>[\/vc_column_text][vc_column_text]Cudo trabaja directamente con los fabricantes de hardware para optimizar el rendimiento de miner\u00eda de CPU, GPU, ASIC y FPGA. Esto permite a Cudo escribir configuraciones y mejoras a nivel de controlador, BIOS y firmware para garantizar que nuestros usuarios puedan obtener el m\u00e1ximo rendimiento y los niveles de potencia m\u00e1s eficientes.[\/vc_column_text][\/vc_column][vc_column width=\u00bb1\/2&#8243;][vc_single_image image=\u00bb7615&#8243; img_size=\u00bbfull\u00bb][\/vc_column][\/vc_row][vc_row css=\u00bb.vc_custom_1586965980006{padding-top: 25px !important;padding-bottom: 50px !important;}\u00bb][vc_column width=\u00bb1\/2&#8243;][vc_single_image image=\u00bb7609&#8243; img_size=\u00bbfull\u00bb][\/vc_column][vc_column width=\u00bb1\/2&#8243;][vc_column_text]<\/p>\n<h2><span style=\"color: #f48500;\">Aumento de la rentabilidad<\/span><\/h2>\n<p>[\/vc_column_text][vc_column_text]Aumento autom\u00e1tico de la eficiencia. Esto proporciona mejoras de eficiencia en hasta 30 y reducciones de potencia de hasta 50, lo que puede aumentar enormemente la rentabilidad de su hardware. El software Cudo aplicar\u00e1 autom\u00e1ticamente los ajustes \u00f3ptimos o puede configurarlos manualmente a su propia preferencia en la plataforma de gesti\u00f3n f\u00e1cil de usar.[\/vc_column_text][\/vc_column][\/vc_row][vc_row type=\u00bbfull-width-section\u00bb css=\u00bb.vc_custom_1586966032653{padding-top: 50px !important;padding-bottom: 25px !important;background-color: #f6f6f7 !important;}\u00bb][vc_column width=\u00bb1\/2&#8243;][vc_column_text]<\/p>\n<h2><span style=\"color: #f48500;\">Aprendizaje autom\u00e1tico<\/span><\/h2>\n<p>[\/vc_column_text][vc_column_text]Optimizaciones continuas. La plataforma de Cudo aprende su infraestructura y su hardware. Esto le permite ajustar continuamente el hardware a sus ajustes \u00f3ptimos. A medida que los chips fallan o cambian con el tiempo, el software de Cudo ajusta la configuraci\u00f3n para asegurarse de que el hardware siempre est\u00e1 produciendo los ingresos \u00f3ptimos. El aprendizaje autom\u00e1tico se optimiza en funci\u00f3n de nuevos firmwares, mineros y actualizaciones.[\/vc_column_text][\/vc_column][vc_column width=\u00bb1\/2&#8243;][vc_single_image image=\u00bb7603&#8243; img_size=\u00bbfull\u00bb][\/vc_column][\/vc_row][vc_row css=\u00bb.vc_custom_1586966055713{padding-top: 25px !important;padding-bottom: 50px !important;}\u00bb][vc_column width=\u00bb1\/2&#8243;][vc_single_image image=\u00bb7600&#8243; img_size=\u00bbfull\u00bb][\/vc_column][vc_column width=\u00bb1\/2&#8243;][vc_column_text]<\/p>\n<h2><span style=\"color: #f48500;\">Sintonizaci\u00f3n autom\u00e1tica<\/span><\/h2>\n<p>[\/vc_column_text][vc_column_text]El software de Cudo en ASIC y GPU eliminar\u00e1 el problema de la loter\u00eda de silicio y puede ajustar autom\u00e1ticamente el rendimiento por chip. Esto le permite obtener el rendimiento \u00f3ptimo de su hardware. La afinaci\u00f3n se logra por algoritmo que cambia autom\u00e1ticamente cuando es relevante para que usted aproveche al m\u00e1ximo los precios del mercado.[\/vc_column_text][\/vc_column][\/vc_row][vc_row type=\u00bbfull-width-section\u00bb css=\u00bb.vc_custom_1586966112024{padding-top: 50px !important;padding-bottom: 50px !important;background-color: #f6f6f7 !important;}\u00bb][vc_column width=\u00bb1\/2&#8243;][vc_column_text]<\/p>\n<h2><span style=\"color: #f48500;\">Optimizaciones amd<\/span><\/h2>\n<p>[\/vc_column_text][vc_column_text]Cudo es un socio tecnol\u00f3gico de AMD y ha optimizado el rendimiento de AMD al m\u00e1ximo del mercado. Nuestro equipo particip\u00f3 en el desarrollo original del firmware de miner\u00eda que hizo posible la miner\u00eda eficiente de GPU en 2017 y desde entonces ha desarrollado un rendimiento l\u00edder en el mundo. Nuestra tecnolog\u00eda tambi\u00e9n permite la computaci\u00f3n distribuida proporcionando hasta 3 veces m\u00e1s ingresos y hasta 10 veces la rentabilidad.[\/vc_column_text][\/vc_column][vc_column width=\u00bb1\/2&#8243;][vc_single_image image=\u00bb7612&#8243; img_size=\u00bbfull\u00bb][\/vc_column][\/vc_row][vc_row css=\u00bb.vc_custom_1586966150803{padding-top: 25px !important;}\u00bb][vc_column width=\u00bb1\/2&#8243;][vc_single_image image=\u00bb7606&#8243; img_size=\u00bbfull\u00bb][\/vc_column][vc_column width=\u00bb1\/2&#8243;][vc_column_text]<\/p>\n<h2><span style=\"color: #f48500;\">Optimizaciones ASIC<\/span><\/h2>\n<p>[\/vc_column_text][vc_column_text]Cudo ha construido su firmware optimizado para maximizar las Hash Rates, minimizar la potencia y maximizar los beneficios de sus ASIC. Mediante el aprendizaje autom\u00e1tico inteligente, la plataforma ajusta constantemente sus ASIC por chip, dependiendo de su entorno y el costo de la electricidad. Mejorar la vida \u00fatil y los ingresos de su hardware. Cudo tambi\u00e9n realiza un seguimiento autom\u00e1tico de los cambios en Hash Rates y repara y reinicia ASIC cuando es necesario.[\/vc_column_text][\/vc_column][\/vc_row][vc_row][vc_column][vc_empty_space][\/vc_column][\/vc_row][vc_row][vc_column][vc_column_text]<\/p>\n<h3 style=\"text-align: center;\">Ponte en contacto con nosotros para ver c\u00f3mo podemos optimizar la configuraci\u00f3n espec\u00edfica de tu granja y aumentar tu rentabilidad<\/h3>\n<p>[\/vc_column_text][\/vc_column][\/vc_row][vc_row][vc_column]<style type=\"text\/css\" >#b_4abgi685gtra4tkzzhgv a{color:#ffffff; background:#ff8500; margin-top:0px; margin-bottom:0px;  margin-left:0px; margin-right:0px; font-weight:700; border-radius:5px;}#b_4abgi685gtra4tkzzhgv a:hover{color:#ffffff ; background:#ff8500 ;}<\/style><div class=\"ta_center tf_btn_pos\" id=\"b_4abgi685gtra4tkzzhgv\" ><a class=\"rd_normal_bt mediumlarge_rd_bt  orange-button-link\" href=\"https:\/\/www.cudominer.com\/contact\/\" target=\"\"   >Ponte en contacto con<\/a><\/div>[\/vc_column][\/vc_row][vc_row type=\u00bbfull-width-section\u00bb css=\u00bb.vc_custom_1591198948088{background-color: #ffffff !important;background-position: center !important;background-repeat: no-repeat !important;background-size: cover !important;}\u00bb font_color=\u00bb#ffffff\u00bb][vc_column][vc_raw_html]PGxpbmsgcmVsPSJzdHlsZXNoZWV0IiBocmVmPSJodHRwczovL3VzZS5mb250YXdlc29tZS5jb20vcmVsZWFzZXMvdjUuNi4xL2Nzcy9hbGwuY3NzIiBpbnRlZ3JpdHk9InNoYTM4NC1nZmRramI1QmRBWGQrbGorZ3VkTFdJK0JYcTRJdUxXNUlUK2JyWkVac0xGbSsrYUNNbEYxVjkyck1rUGFYNFBQIiBjcm9zc29yaWdpbj0iYW5vbnltb3VzIj4=[\/vc_raw_html][vc_row_inner css=\u00bb.vc_custom_1555508055290{margin-bottom: 0px !important;padding-bottom: 15px !important;}\u00bb][vc_column_inner]<style type=\"text\/css\" >#b_1qpnf0pxr5v03iaz9stn a{color:#ffffff; background:#e16200; margin-top:px; margin-bottom:px;  margin-left:px; margin-right:px; font-weight:700; border-radius:5px;}#b_1qpnf0pxr5v03iaz9stn a:hover{color:#ffffff ; background:#e16200 ;}<\/style><div class=\"ta_center tf_btn_pos\" id=\"b_1qpnf0pxr5v03iaz9stn\" ><a class=\"rd_normal_bt large_rd_bt  orange-button-link\" href=\"https:\/\/console.cudominer.com\/auth\/login?utm_source=www.cudominer.com&amp;utm_medium=website&amp;utm_campaign=mining-2020&amp;utm_content=optimised-mining-page\" target=\"\"   >Sign Up and Download<\/a><\/div>[vc_raw_html]PHAgc3R5bGU9InRleHQtYWxpZ246IGNlbnRlcjsgY29sb3I6ICNmZjhiMDA7Ij4KICA8aSBjbGFzcz0iZmFiIGZhLTJ4IGZhLXdpbmRvd3MiPjwvaT4KICA8aSBzdHlsZT0ibWFyZ2luLWxlZnQ6IDE2cHgiIGNsYXNzPSJmYWIgZmEtMnggZmEtdWJ1bnR1Ij48L2k+CiAgPGkgc3R5bGU9Im1hcmdpbi1sZWZ0OiAxNnB4IiBjbGFzcz0iZmFzIGZhLTJ4IGZhLWZpbGUtZG93bmxvYWQiPjwvaT4KPC9wPg==[\/vc_raw_html][\/vc_column_inner][\/vc_row_inner][\/vc_column][\/vc_row]<\/p>\n","protected":false},"excerpt":{"rendered":"<p>[vc_row content_placement=\u00bbbottom\u00bb css=\u00bb.vc_custom_1586972777764{margin-bottom: -25px !important;}\u00bb][vc_column] [vc_raw_html]PGxpbmsgcmVsPSJzdHlsZXNoZWV0IiBocmVmPSJodHRwczovL3VzZS5mb250YXdlc29tZS5jb20vcmVsZWFzZXMvdjUuNi4xL2Nzcy9hbGwuY3NzIiBpbnRlZ3JpdHk9InNoYTM4NC1nZmRramI1QmRBWGQrbGorZ3VkTFdJK0JYcTRJdUxXNUlUK2JyWkVac0xGbSsrYUNNbEYxVjkyck1rUGFYNFBQIiBjcm9zc29yaWdpbj0iYW5vbnltb3VzIj4=[\/vc_raw_html][vc_column_text] Miner\u00eda optimizada [\/vc_column_text][\/vc_column][\/vc_row][vc_row type=\u00bbfull-width-section\u00bb css=\u00bb.vc_custom_1554218226454{background-position: center !important;background-repeat: no-repeat !important;background-size: cover !important;}\u00bb font_color=\u00bb#ffffff\u00bb][vc_column][vc_raw_html]PGxpbmsgcmVsPSJzdHlsZXNoZWV0IiBocmVmPSJodHRwczovL3VzZS5mb250YXdlc29tZS5jb20vcmVsZWFzZXMvdjUuNi4xL2Nzcy9hbGwuY3NzIiBpbnRlZ3JpdHk9InNoYTM4NC1nZmRramI1QmRBWGQrbGorZ3VkTFdJK0JYcTRJdUxXNUlUK2JyWkVac0xGbSsrYUNNbEYxVjkyck1rUGFYNFBQIiBjcm9zc29yaWdpbj0iYW5vbnltb3VzIj4=[\/vc_raw_html][vc_row_inner css=\u00bb.vc_custom_1554215997253{margin-bottom: 0px !important;padding-bottom: 15px !important;}\u00bb][vc_column_inner]Sign Up and Download[vc_column_text] \u00bfYa tienes una cuenta? Haga clic aqu\u00ed para iniciar sesi\u00f3n [\/vc_column_text][vc_raw_html]PHAgc3R5bGU9InRleHQtYWxpZ246IGNlbnRlcjtjb2xvcjogI2ZiODUwMCI+CiAgPGkgY2xhc3M9ImZhYiBmYS0yeCBmYS13aW5kb3dzIj48L2k+CiAgPGkgc3R5bGU9ImNvbG9yOiAjZmI4NTAwOyBtYXJnaW4tbGVmdDogMTZweCIgY2xhc3M9ImZhYiBmYS0yeCBmYS11YnVudHUiPjwvaT4KICA8aSBzdHlsZT0iY29sb3I6ICNmYjg1MDA7IG1hcmdpbi1sZWZ0OiAxNnB4IiBjbGFzcz0iZmFzIGZhLTJ4IGZhLWZpbGUtZG93bmxvYWQiPjwvaT4KPC9wPg==[\/vc_raw_html][\/vc_column_inner][\/vc_row_inner][\/vc_column][\/vc_row][vc_row type=\u00bbfull-width-section\u00bb css=\u00bb.vc_custom_1586965940419{padding-top: 50px !important;padding-bottom: 50px !important;background-color: #f6f6f7 !important;}\u00bb][vc_column width=\u00bb1\/2&#8243;][vc_column_text] Rendimiento de miner\u00eda optimizado de ASIC\/GPU [\/vc_column_text][vc_column_text]Cudo trabaja directamente<br \/><a href=\"https:\/\/stagingsite.cudoventures.com\/miner\/es\/mineria-optimizada\/\" class=\"more\">Read more<\/a><\/p>\n","protected":false},"author":1,"featured_media":0,"parent":0,"menu_order":0,"comment_status":"closed","ping_status":"closed","template":"","meta":[],"yoast_head":"<!-- This site is optimized with the Yoast SEO plugin v14.7 - https:\/\/yoast.com\/wordpress\/plugins\/seo\/ -->\n<title>CudoMiner<\/title>\n<meta name=\"robots\" content=\"noindex, follow\" \/>\n<meta property=\"og:locale\" content=\"es_ES\" \/>\n<meta property=\"og:type\" content=\"article\" \/>\n<meta property=\"og:title\" content=\"CudoMiner\" \/>\n<meta property=\"og:description\" content=\"[vc_row content_placement=\u00bbbottom\u00bb css=\u00bb.vc_custom_1586972777764{margin-bottom: -25px !important;}\u00bb][vc_column] [vc_raw_html]PGxpbmsgcmVsPSJzdHlsZXNoZWV0IiBocmVmPSJodHRwczovL3VzZS5mb250YXdlc29tZS5jb20vcmVsZWFzZXMvdjUuNi4xL2Nzcy9hbGwuY3NzIiBpbnRlZ3JpdHk9InNoYTM4NC1nZmRramI1QmRBWGQrbGorZ3VkTFdJK0JYcTRJdUxXNUlUK2JyWkVac0xGbSsrYUNNbEYxVjkyck1rUGFYNFBQIiBjcm9zc29yaWdpbj0iYW5vbnltb3VzIj4=[\/vc_raw_html][vc_column_text] Miner\u00eda optimizada [\/vc_column_text][\/vc_column][\/vc_row][vc_row type=\u00bbfull-width-section\u00bb css=\u00bb.vc_custom_1554218226454{background-position: center !important;background-repeat: no-repeat !important;background-size: cover !important;}\u00bb font_color=\u00bb#ffffff\u00bb][vc_column][vc_raw_html]PGxpbmsgcmVsPSJzdHlsZXNoZWV0IiBocmVmPSJodHRwczovL3VzZS5mb250YXdlc29tZS5jb20vcmVsZWFzZXMvdjUuNi4xL2Nzcy9hbGwuY3NzIiBpbnRlZ3JpdHk9InNoYTM4NC1nZmRramI1QmRBWGQrbGorZ3VkTFdJK0JYcTRJdUxXNUlUK2JyWkVac0xGbSsrYUNNbEYxVjkyck1rUGFYNFBQIiBjcm9zc29yaWdpbj0iYW5vbnltb3VzIj4=[\/vc_raw_html][vc_row_inner css=\u00bb.vc_custom_1554215997253{margin-bottom: 0px !important;padding-bottom: 15px !important;}\u00bb][vc_column_inner]Sign Up and Download[vc_column_text] \u00bfYa tienes una cuenta? Haga clic aqu\u00ed para iniciar sesi\u00f3n [\/vc_column_text][vc_raw_html]PHAgc3R5bGU9InRleHQtYWxpZ246IGNlbnRlcjtjb2xvcjogI2ZiODUwMCI+CiAgPGkgY2xhc3M9ImZhYiBmYS0yeCBmYS13aW5kb3dzIj48L2k+CiAgPGkgc3R5bGU9ImNvbG9yOiAjZmI4NTAwOyBtYXJnaW4tbGVmdDogMTZweCIgY2xhc3M9ImZhYiBmYS0yeCBmYS11YnVudHUiPjwvaT4KICA8aSBzdHlsZT0iY29sb3I6ICNmYjg1MDA7IG1hcmdpbi1sZWZ0OiAxNnB4IiBjbGFzcz0iZmFzIGZhLTJ4IGZhLWZpbGUtZG93bmxvYWQiPjwvaT4KPC9wPg==[\/vc_raw_html][\/vc_column_inner][\/vc_row_inner][\/vc_column][\/vc_row][vc_row type=\u00bbfull-width-section\u00bb css=\u00bb.vc_custom_1586965940419{padding-top: 50px !important;padding-bottom: 50px !important;background-color: #f6f6f7 !important;}\u00bb][vc_column width=\u00bb1\/2&#8243;][vc_column_text] Rendimiento de miner\u00eda optimizado de ASIC\/GPU [\/vc_column_text][vc_column_text]Cudo trabaja directamenteRead more\" \/>\n<meta property=\"og:url\" content=\"https:\/\/stagingsite.cudoventures.com\/miner\/es\/mineria-optimizada\/\" \/>\n<meta property=\"og:site_name\" content=\"CudoMiner\" \/>\n<meta property=\"article:modified_time\" content=\"2022-06-24T13:48:19+00:00\" \/>\n<!-- \/ Yoast SEO plugin. -->","_links":{"self":[{"href":"https:\/\/stagingsite.cudoventures.com\/miner\/es\/wp-json\/wp\/v2\/pages\/8194"}],"collection":[{"href":"https:\/\/stagingsite.cudoventures.com\/miner\/es\/wp-json\/wp\/v2\/pages"}],"about":[{"href":"https:\/\/stagingsite.cudoventures.com\/miner\/es\/wp-json\/wp\/v2\/types\/page"}],"author":[{"embeddable":true,"href":"https:\/\/stagingsite.cudoventures.com\/miner\/es\/wp-json\/wp\/v2\/users\/1"}],"replies":[{"embeddable":true,"href":"https:\/\/stagingsite.cudoventures.com\/miner\/es\/wp-json\/wp\/v2\/comments?post=8194"}],"version-history":[{"count":3,"href":"https:\/\/stagingsite.cudoventures.com\/miner\/es\/wp-json\/wp\/v2\/pages\/8194\/revisions"}],"predecessor-version":[{"id":10296,"href":"https:\/\/stagingsite.cudoventures.com\/miner\/es\/wp-json\/wp\/v2\/pages\/8194\/revisions\/10296"}],"wp:attachment":[{"href":"https:\/\/stagingsite.cudoventures.com\/miner\/es\/wp-json\/wp\/v2\/media?parent=8194"}],"curies":[{"name":"wp","href":"https:\/\/api.w.org\/{rel}","templated":true}]}}