{"id":8213,"date":"2020-06-04T10:41:57","date_gmt":"2020-06-04T09:41:57","guid":{"rendered":"https:\/\/stagingsite.cudoventures.com\/miner\/precios-y-tarifas\/"},"modified":"2022-06-10T10:02:38","modified_gmt":"2022-06-10T09:02:38","slug":"precios-y-tarifas","status":"publish","type":"page","link":"https:\/\/stagingsite.cudoventures.com\/miner\/es\/precios-y-tarifas\/","title":{"rendered":"Precios y tarifas"},"content":{"rendered":"<p>[vc_row content_placement=\u00bbbottom\u00bb css=\u00bb.vc_custom_1591197009257{padding-bottom: 50px !important;}\u00bb][vc_column][vc_raw_html]PGxpbmsgcmVsPSJzdHlsZXNoZWV0IiBocmVmPSJodHRwczovL3VzZS5mb250YXdlc29tZS5jb20vcmVsZWFzZXMvdjUuNi4xL2Nzcy9hbGwuY3NzIiBpbnRlZ3JpdHk9InNoYTM4NC1nZmRramI1QmRBWGQrbGorZ3VkTFdJK0JYcTRJdUxXNUlUK2JyWkVac0xGbSsrYUNNbEYxVjkyck1rUGFYNFBQIiBjcm9zc29yaWdpbj0iYW5vbnltb3VzIj4=[\/vc_raw_html][vc_column_text]<\/p>\n<h1 style=\"text-align: center;\">Precios y tarifas<\/h1>\n<h3 style=\"text-align: center;\">Precios dise\u00f1ados para mineros de todos los tama\u00f1os<\/h3>\n<p>[\/vc_column_text][vc_column_text]<\/p>\n<section class=\"section heading-intro\">\n<div class=\"container\">\n<div class=\"heading-intro__inner\">\n<div style=\"text-align: center;\">\n<p style=\"text-align: center;\">Los servicios de Cudo Minerse dividen en diferentes \u00e1reas para que pueda seleccionar las opciones y precios que mejor se adapten a usted o a su negocio.<\/p>\n<\/div>\n<\/div>\n<\/div>\n<\/section>\n<p>[\/vc_column_text][\/vc_column][\/vc_row][vc_row css=\u00bb.vc_custom_1591196877698{padding-top: 50px !important;padding-bottom: 50px !important;}\u00bb][vc_column width=\u00bb1\/2&#8243;][vc_column_text]<\/p>\n<h2><span style=\"color: #f48500;\">Totalmente Automatizado Cudo Miner &amp; CudoOS<\/span><\/h2>\n<p>La plataforma en la nube totalmente automatizada est\u00e1 dise\u00f1ada para la mayor\u00eda de los usuarios generales que est\u00e1n extrayendo pc o rigs. Completamente gratis para descargar, pagar a medida que gana y ser pagado en criptomoneda de su elecci\u00f3n. Los beneficios de esto son:<\/p>\n<ul>\n<li><b>Sin licencia de suscripci\u00f3n:<\/b> S\u00f3lo comisiones que reducen cuanto m\u00e1s ganas.<\/li>\n<li><b>Sin compromisos:<\/b> Detenga e inicie dispositivos cuando lo desee<\/li>\n<li><b>Tarifas de comisi\u00f3n solamente:<\/b> As\u00ed que nunca est\u00e1s haciendo una p\u00e9rdida en un dispositivo<\/li>\n<li><b>Incluye todo:<\/b> Todo el software, licencias, plataforma de gesti\u00f3n y actualizaciones<\/li>\n<li><b>100 Automatizado:<\/b> Incluyendo piscinas, carteras, gesti\u00f3n, monitoreo, intercambio de monedas, cambio de beneficios.<\/li>\n<\/ul>\n<p>Puede obtener m\u00e1s informaci\u00f3n sobre Cudo Miner <span style=\"color: #f48500;\"><b><a style=\"color: #f48500;\" href=\"https:\/\/stagingsite.cudoventures.com\/miner\/es\/cudo-miner-cryptocurrency-mining-software\/\">aqu\u00ed<\/a><\/b><\/span> y CudoOS <span style=\"color: #f48500;\"><b><a style=\"color: #f48500;\" href=\"https:\/\/stagingsite.cudoventures.com\/miner\/es\/cudoos-gpu-mining-os-with-full-mining-management-and-hardware-optimisation-platform\/\">aqu\u00ed<\/a><\/b><\/span>.[\/vc_column_text][\/vc_column][vc_column width=\u00bb1\/2&#8243;][vc_single_image image=\u00bb7652&#8243; img_size=\u00bblarge\u00bb][\/vc_column][\/vc_row][vc_row css=\u00bb.vc_custom_1591196536424{padding-top: 50px !important;}\u00bb][vc_column][vc_column_text]<\/p>\n<h3>Tarifas basadas en comisiones<\/h3>\n<p>Si elige el software de miner\u00eda automatizada Cudo Miner es una opci\u00f3n basada en comisiones. Estas tarifas incluyen toda la plataforma, as\u00ed como el comercio autom\u00e1tico para usted. El rendimiento de la miner\u00eda se calcula a diario.<\/p>\n<p>Generalmente en un mes, la mejora de la rentabilidad con el software Cudo Miner debe ser de hasta el 30%. Para obtener las mejoras \u00f3ptimas del software Cudo Miner en una plataforma minera debe instalar CudoOS, que es un sistema operativo altamente optimizado para la computaci\u00f3n y la miner\u00eda. Esto produce hasta 20 mejoras con respecto a Linux o Windows est\u00e1ndar.<\/p>\n<p>Se aplican diferentes tarifas en funci\u00f3n de la cantidad de criptomoneda extra\u00edda en los \u00faltimos 30 d\u00edas*.<\/p>\n<p>tarifas por criptomoneda extra\u00edda:<\/p>\n<ul>\n<li>1.5 \u2013 Diamante (para mayor o igual a 10 BTC)<\/li>\n<li>2 \u2013 Iridio (mayor o igual a 1 BTC)<\/li>\n<li>2.5 \u2013 Paladio (mayor o igual que 0,1 BTC)<\/li>\n<li>3 \u2013 Platino (mayor o igual que 0,05 BTC)<\/li>\n<li>4 \u2013 Oro (para mayor o igual a 0.01 BTC)<\/li>\n<li>5 \u2013 Plata (mayor o igual a 0.005 BTC)<\/li>\n<li>6.5 \u2013 Bronce (por menos de 0.005 BTC)<\/li>\n<\/ul>\n<p>Como una indicaci\u00f3n, la mayor\u00eda de las granjas mineras est\u00e1n en 1.5, la mayor\u00eda de los usuarios de plataformas estar\u00e1n en alrededor de 3 o menos, la mayor\u00eda de los jugadores est\u00e1n en 4 o 5. No hay cargo por retiro.<\/p>\n<p>*Las tarifas para los usuarios que se pagan en otras monedas que Bitcoin se calculan utilizando el tipo de cambio BTC el d\u00eda de la miner\u00eda.<\/p>\n<p>Para usar esto, <strong><a href=\"https:\/\/console.cudominer.com\/\">cree una cuenta<\/a><\/strong> o inicie <a href=\"https:\/\/console.cudominer.com\/\"><strong>sesi\u00f3n.<\/strong><\/a><\/p>\n<p>[\/vc_column_text][\/vc_column][\/vc_row][vc_row type=\u00bbfull-width-section\u00bb css=\u00bb.vc_custom_1591196719746{margin-bottom: -50px !important;background-position: center !important;background-repeat: no-repeat !important;background-size: cover !important;}\u00bb font_color=\u00bb#ffffff\u00bb][vc_column][vc_raw_html]PGxpbmsgcmVsPSJzdHlsZXNoZWV0IiBocmVmPSJodHRwczovL3VzZS5mb250YXdlc29tZS5jb20vcmVsZWFzZXMvdjUuNi4xL2Nzcy9hbGwuY3NzIiBpbnRlZ3JpdHk9InNoYTM4NC1nZmRramI1QmRBWGQrbGorZ3VkTFdJK0JYcTRJdUxXNUlUK2JyWkVac0xGbSsrYUNNbEYxVjkyck1rUGFYNFBQIiBjcm9zc29yaWdpbj0iYW5vbnltb3VzIj4=[\/vc_raw_html][\/vc_column][\/vc_row][vc_row][vc_column]<style type=\"text\/css\" >#b_7wub2654pdltxpnwaooo a{color:#ffffff; background:#e16200; margin-top:px; margin-bottom:px;  margin-left:px; margin-right:px; font-weight:700; border-radius:5px;}#b_7wub2654pdltxpnwaooo a:hover{color:#ffffff ; background:#e16200 ;}<\/style><div class=\"ta_center tf_btn_pos\" id=\"b_7wub2654pdltxpnwaooo\" ><a class=\"rd_normal_bt large_rd_bt  orange-button-link\" href=\"https:\/\/console.cudominer.com\/auth\/login?utm_source=www.cudominer.com&amp;utm_medium=website&amp;utm_campaign=mining-2020&amp;utm_content=pricing-page\" target=\"\"   >Sign Up and Download<\/a><\/div>[vc_column_text]<\/p>\n<p style=\"text-align: center;\"><span style=\"color: #000000;\">\u00bfYa tienes una cuenta? Haga clic aqu\u00ed para <span style=\"color: #f48500;\"><a style=\"color: #f48500;\" href=\"https:\/\/console.cudominer.com\/\">iniciar sesi\u00f3n<\/a><\/span><\/span><\/p>\n<p>[\/vc_column_text][vc_raw_html]PHAgc3R5bGU9InRleHQtYWxpZ246IGNlbnRlcjtjb2xvcjogI2ZiODUwMCI+CiAgPGkgY2xhc3M9ImZhYiBmYS0yeCBmYS13aW5kb3dzIj48L2k+CiAgPGkgc3R5bGU9ImNvbG9yOiAjZmI4NTAwOyBtYXJnaW4tbGVmdDogMTZweCIgY2xhc3M9ImZhYiBmYS0yeCBmYS11YnVudHUiPjwvaT4KICA8aSBzdHlsZT0iY29sb3I6ICNmYjg1MDA7IG1hcmdpbi1sZWZ0OiAxNnB4IiBjbGFzcz0iZmFzIGZhLTJ4IGZhLWZpbGUtZG93bmxvYWQiPjwvaT4KPC9wPg==[\/vc_raw_html][\/vc_column][\/vc_row]<\/p>\n","protected":false},"excerpt":{"rendered":"<p>[vc_row content_placement=\u00bbbottom\u00bb css=\u00bb.vc_custom_1591197009257{padding-bottom: 50px !important;}\u00bb][vc_column][vc_raw_html]PGxpbmsgcmVsPSJzdHlsZXNoZWV0IiBocmVmPSJodHRwczovL3VzZS5mb250YXdlc29tZS5jb20vcmVsZWFzZXMvdjUuNi4xL2Nzcy9hbGwuY3NzIiBpbnRlZ3JpdHk9InNoYTM4NC1nZmRramI1QmRBWGQrbGorZ3VkTFdJK0JYcTRJdUxXNUlUK2JyWkVac0xGbSsrYUNNbEYxVjkyck1rUGFYNFBQIiBjcm9zc29yaWdpbj0iYW5vbnltb3VzIj4=[\/vc_raw_html][vc_column_text] Precios y tarifas Precios dise\u00f1ados para mineros de todos los tama\u00f1os [\/vc_column_text][vc_column_text] Los servicios de Cudo Minerse dividen en diferentes \u00e1reas para que pueda seleccionar las opciones y precios que mejor se adapten a usted o a su negocio. [\/vc_column_text][\/vc_column][\/vc_row][vc_row css=\u00bb.vc_custom_1591196877698{padding-top: 50px !important;padding-bottom: 50px !important;}\u00bb][vc_column width=\u00bb1\/2&#8243;][vc_column_text] Totalmente Automatizado Cudo Miner<br \/><a href=\"https:\/\/stagingsite.cudoventures.com\/miner\/es\/precios-y-tarifas\/\" class=\"more\">Read more<\/a><\/p>\n","protected":false},"author":1,"featured_media":0,"parent":0,"menu_order":0,"comment_status":"closed","ping_status":"closed","template":"","meta":[],"yoast_head":"<!-- This site is optimized with the Yoast SEO plugin v14.7 - https:\/\/yoast.com\/wordpress\/plugins\/seo\/ -->\n<title>CudoMiner<\/title>\n<meta name=\"description\" content=\"Informaci\u00f3n de precios, incluida la descarga y el uso gratuitos de software para el centro de datos completo y las licencias de administraci\u00f3n de granjas mineras. Encuentra la mejor soluci\u00f3n.\" \/>\n<meta name=\"robots\" content=\"noindex, follow\" \/>\n<meta property=\"og:locale\" content=\"es_ES\" \/>\n<meta property=\"og:type\" content=\"article\" \/>\n<meta property=\"og:title\" content=\"CudoMiner\" \/>\n<meta property=\"og:description\" content=\"Informaci\u00f3n de precios, incluida la descarga y el uso gratuitos de software para el centro de datos completo y las licencias de administraci\u00f3n de granjas mineras. Encuentra la mejor soluci\u00f3n.\" \/>\n<meta property=\"og:url\" content=\"https:\/\/stagingsite.cudoventures.com\/miner\/es\/precios-y-tarifas\/\" \/>\n<meta property=\"og:site_name\" content=\"CudoMiner\" \/>\n<meta property=\"article:modified_time\" content=\"2022-06-10T09:02:38+00:00\" \/>\n<!-- \/ Yoast SEO plugin. -->","_links":{"self":[{"href":"https:\/\/stagingsite.cudoventures.com\/miner\/es\/wp-json\/wp\/v2\/pages\/8213"}],"collection":[{"href":"https:\/\/stagingsite.cudoventures.com\/miner\/es\/wp-json\/wp\/v2\/pages"}],"about":[{"href":"https:\/\/stagingsite.cudoventures.com\/miner\/es\/wp-json\/wp\/v2\/types\/page"}],"author":[{"embeddable":true,"href":"https:\/\/stagingsite.cudoventures.com\/miner\/es\/wp-json\/wp\/v2\/users\/1"}],"replies":[{"embeddable":true,"href":"https:\/\/stagingsite.cudoventures.com\/miner\/es\/wp-json\/wp\/v2\/comments?post=8213"}],"version-history":[{"count":5,"href":"https:\/\/stagingsite.cudoventures.com\/miner\/es\/wp-json\/wp\/v2\/pages\/8213\/revisions"}],"predecessor-version":[{"id":10242,"href":"https:\/\/stagingsite.cudoventures.com\/miner\/es\/wp-json\/wp\/v2\/pages\/8213\/revisions\/10242"}],"wp:attachment":[{"href":"https:\/\/stagingsite.cudoventures.com\/miner\/es\/wp-json\/wp\/v2\/media?parent=8213"}],"curies":[{"name":"wp","href":"https:\/\/api.w.org\/{rel}","templated":true}]}}