{"id":8238,"date":"2020-06-04T11:01:14","date_gmt":"2020-06-04T10:01:14","guid":{"rendered":"https:\/\/stagingsite.cudoventures.com\/miner\/usuarios\/"},"modified":"2022-06-08T17:35:30","modified_gmt":"2022-06-08T16:35:30","slug":"usuarios","status":"publish","type":"page","link":"https:\/\/stagingsite.cudoventures.com\/miner\/es\/usuarios\/","title":{"rendered":"Usuarios"},"content":{"rendered":"<p>[vc_row content_placement=\u00bbbottom\u00bb css=\u00bb.vc_custom_1554220332699{margin-bottom: -50px !important;}\u00bb][vc_column]<style type='text\/css'> @font-face{font-family: ''; src:url('https:\/\/stagingsite.cudoventures.com\/miner\/wp-content\/themes\/thefox\/includes\/4k-icons\/icons\/fonts\/.eot'); src:url('https:\/\/stagingsite.cudoventures.com\/miner\/wp-content\/themes\/thefox\/includes\/4k-icons\/icons\/fonts\/.eot?#iefix') format('embedded-opentype'), url('https:\/\/stagingsite.cudoventures.com\/miner\/wp-content\/themes\/thefox\/includes\/4k-icons\/icons\/fonts\/.woff') format('woff'), url('https:\/\/stagingsite.cudoventures.com\/miner\/wp-content\/themes\/thefox\/includes\/4k-icons\/icons\/fonts\/.ttf') format('truetype'), url('https:\/\/stagingsite.cudoventures.com\/miner\/wp-content\/themes\/thefox\/includes\/4k-icons\/icons\/fonts\/.svg#oi') format('svg'); font-weight: normal; font-style: normal;}#fourk1 .:before{font-family: ''; font-weight: normal; font-style: normal;}#fourk1 .:before{content: \"\";}#fourk1{text-align:center}#fourk1 .fourk-icon{background-color: transparent}#fourk1 .fourk-icon:before{}#fourk1 .fourk-icon:after{}#fourk1 i{font-size:0px;line-height:0px;color:}#fourk1 .fourk-icon.hovered i{}#fourk1 i{text-align: center;}#fourk1{float: ; margin-right: px;}<\/style>\n<div id='fourk1' class='fourk-icon-container'><div class='fourk-icon none none' data-hover-trigger='' ><i class=''><\/i><\/div><\/div>[vc_raw_html]PGxpbmsgcmVsPSJzdHlsZXNoZWV0IiBocmVmPSJodHRwczovL3VzZS5mb250YXdlc29tZS5jb20vcmVsZWFzZXMvdjUuNi4xL2Nzcy9hbGwuY3NzIiBpbnRlZ3JpdHk9InNoYTM4NC1nZmRramI1QmRBWGQrbGorZ3VkTFdJK0JYcTRJdUxXNUlUK2JyWkVac0xGbSsrYUNNbEYxVjkyck1rUGFYNFBQIiBjcm9zc29yaWdpbj0iYW5vbnltb3VzIj4=[\/vc_raw_html][vc_column_text]<\/p>\n<h1 style=\"text-align: center;\">\u00bfQu\u00e9 tipo de usuario eres?<\/h1>\n<p>[\/vc_column_text][vc_column_text]<\/p>\n<p style=\"text-align: center;\">Ahora soporta GPU, CPU, ASIC y FPGA con una consola web dedicada para la supervisi\u00f3n y gesti\u00f3n remota de todos sus dispositivos. Las plataformas de Cudo Minerest\u00e1n totalmente automatizadas y optimizadas tanto para obtener beneficios como para el m\u00e1ximo rendimiento en Windows, macOS, Ubuntu (Linux) o CudoOS. Cudo Miner es adecuado para mineros con todos los niveles de experiencia y ahora atiende a granjas mineras a gran escala y mineros ASIC.<\/p>\n<p>[\/vc_column_text][\/vc_column][\/vc_row][vc_row type=\u00bbfull-width-section\u00bb css=\u00bb.vc_custom_1554218226454{background-position: center !important;background-repeat: no-repeat !important;background-size: cover !important;}\u00bb font_color=\u00bb#ffffff\u00bb][vc_column][vc_raw_html]PGxpbmsgcmVsPSJzdHlsZXNoZWV0IiBocmVmPSJodHRwczovL3VzZS5mb250YXdlc29tZS5jb20vcmVsZWFzZXMvdjUuNi4xL2Nzcy9hbGwuY3NzIiBpbnRlZ3JpdHk9InNoYTM4NC1nZmRramI1QmRBWGQrbGorZ3VkTFdJK0JYcTRJdUxXNUlUK2JyWkVac0xGbSsrYUNNbEYxVjkyck1rUGFYNFBQIiBjcm9zc29yaWdpbj0iYW5vbnltb3VzIj4=[\/vc_raw_html][vc_row_inner css=\u00bb.vc_custom_1554215997253{margin-bottom: 0px !important;padding-bottom: 15px !important;}\u00bb][vc_column_inner]<style type=\"text\/css\" >#b_qpc0h81evq3c1kb7k6wd a{color:#ffffff; background:#e16200; margin-top:px; margin-bottom:px;  margin-left:px; margin-right:px; font-weight:700; border-radius:5px;}#b_qpc0h81evq3c1kb7k6wd a:hover{color:#ffffff ; background:#e16200 ;}<\/style><div class=\"ta_center tf_btn_pos\" id=\"b_qpc0h81evq3c1kb7k6wd\" ><a class=\"rd_normal_bt large_rd_bt  orange-button-link\" href=\"https:\/\/console.cudominer.com\/auth\/login?utm_source=www.cudominer.com&amp;utm_medium=website&amp;utm_campaign=mining-2020&amp;utm_content=users-page\" target=\"\"   >Sign Up and Download<\/a><\/div>[vc_column_text]<\/p>\n<p style=\"text-align: center;\"><span style=\"color: #000000;\">\u00bfYa tienes una cuenta? Haga clic aqu\u00ed para <span style=\"color: #f48500;\"><a style=\"color: #f48500;\" href=\"https:\/\/console.cudominer.com\/\">iniciar sesi\u00f3n<\/a><\/span><\/span><\/p>\n<p>[\/vc_column_text][vc_raw_html]PHAgc3R5bGU9InRleHQtYWxpZ246IGNlbnRlcjtjb2xvcjogI2ZiODUwMCI+CiAgPGkgY2xhc3M9ImZhYiBmYS0yeCBmYS13aW5kb3dzIj48L2k+CiAgPGkgc3R5bGU9ImNvbG9yOiAjZmI4NTAwOyBtYXJnaW4tbGVmdDogMTZweCIgY2xhc3M9ImZhYiBmYS0yeCBmYS11YnVudHUiPjwvaT4KICA8aSBzdHlsZT0iY29sb3I6ICNmYjg1MDA7IG1hcmdpbi1sZWZ0OiAxNnB4IiBjbGFzcz0iZmFzIGZhLTJ4IGZhLWZpbGUtZG93bmxvYWQiPjwvaT4KPC9wPg==[\/vc_raw_html][\/vc_column_inner][\/vc_row_inner][\/vc_column][\/vc_row][vc_row type=\u00bbfull-width-section\u00bb css=\u00bb.vc_custom_1586435239699{margin-bottom: -20px !important;padding-bottom: 32px !important;background-color: #ffffff !important;}\u00bb][vc_column][vc_row_inner][vc_column_inner width=\u00bb1\/3&#8243; css=\u00bb.vc_custom_1551491521944{margin-bottom: 40px !important;}\u00bb]<style type=\"text\/css\" >#rand_mq929cax5697acuad75b {margin-top:0px; margin-bottom:0px; }<\/style><style type='text\/css'> @font-face{font-family: 'wb'; src:url('https:\/\/stagingsite.cudoventures.com\/miner\/wp-content\/themes\/thefox\/includes\/4k-icons\/icons\/4k-icons-pack05\/icons\/fonts\/wb.eot'); src:url('https:\/\/stagingsite.cudoventures.com\/miner\/wp-content\/themes\/thefox\/includes\/4k-icons\/icons\/4k-icons-pack05\/icons\/fonts\/wb.eot?#iefix') format('embedded-opentype'), url('https:\/\/stagingsite.cudoventures.com\/miner\/wp-content\/themes\/thefox\/includes\/4k-icons\/icons\/4k-icons-pack05\/icons\/fonts\/wb.woff') format('woff'), url('https:\/\/stagingsite.cudoventures.com\/miner\/wp-content\/themes\/thefox\/includes\/4k-icons\/icons\/4k-icons-pack05\/icons\/fonts\/wb.ttf') format('truetype'), url('https:\/\/stagingsite.cudoventures.com\/miner\/wp-content\/themes\/thefox\/includes\/4k-icons\/icons\/4k-icons-pack05\/icons\/fonts\/wb.svg#oi') format('svg'); font-weight: normal; font-style: normal;}#rand_mq929cax5697acuad75b .wb-algorhythm:before{font-family: 'wb'; font-weight: normal; font-style: normal;}#rand_mq929cax5697acuad75b .wb-algorhythm:before{content: \"\\f0b8\";}<\/style>\n<a href=\"https:\/\/stagingsite.cudoventures.com\/miner\/cudo-farm-mining-farm-management-software\/\" target=\"_self\" ><div id=\"rand_mq929cax5697acuad75b\" class=\"icon_box_si \"><i class=\"wb-algorhythm\" style=\"color:#eb6f00;\"><\/i><h3 style=\"color:#2c3e50;\">Granjas mineras<\/h3><p style=\"color:#000000\">Cudo Farm fue dise\u00f1ado por granjas mineras, para granjas mineras. Una soluci\u00f3n de \u00e9lite que proporciona no s\u00f3lo el control total de cada dispositivo en un solo lugar, sino que tambi\u00e9n proporciona al usuario datos transparentes con el fin de tomar decisiones perspicaces.<\/p>\n<p><span style=\"color: #f48500;\"><a style=\"color: #f48500;\" href=\"https:\/\/stagingsite.cudoventures.com\/miner\/es\/cudo-farm-crypto-mining-farm-management-and-hardware-optimization-software\/\">Descubre m\u00e1s<\/a><\/span><\/p><\/div><\/a>[\/vc_column_inner][vc_column_inner width=\u00bb1\/3&#8243;]<style type=\"text\/css\" >#rand_upveccncj6zcmmlmyflr {margin-top:0px; margin-bottom:0px; }<\/style><style type='text\/css'> @font-face{font-family: 'zm'; src:url('https:\/\/stagingsite.cudoventures.com\/miner\/wp-content\/themes\/thefox\/includes\/4k-icons\/icons\/4k-icons-pack05\/icons\/fonts\/zm.eot'); src:url('https:\/\/stagingsite.cudoventures.com\/miner\/wp-content\/themes\/thefox\/includes\/4k-icons\/icons\/4k-icons-pack05\/icons\/fonts\/zm.eot?#iefix') format('embedded-opentype'), url('https:\/\/stagingsite.cudoventures.com\/miner\/wp-content\/themes\/thefox\/includes\/4k-icons\/icons\/4k-icons-pack05\/icons\/fonts\/zm.woff') format('woff'), url('https:\/\/stagingsite.cudoventures.com\/miner\/wp-content\/themes\/thefox\/includes\/4k-icons\/icons\/4k-icons-pack05\/icons\/fonts\/zm.ttf') format('truetype'), url('https:\/\/stagingsite.cudoventures.com\/miner\/wp-content\/themes\/thefox\/includes\/4k-icons\/icons\/4k-icons-pack05\/icons\/fonts\/zm.svg#oi') format('svg'); font-weight: normal; font-style: normal;}#rand_upveccncj6zcmmlmyflr .zm-hardware:before{font-family: 'zm'; font-weight: normal; font-style: normal;}#rand_upveccncj6zcmmlmyflr .zm-hardware:before{content: \"\\e018\";}<\/style>\n<a href=\"https:\/\/stagingsite.cudoventures.com\/miner\/asic-miners\/\" target=\"_self\" ><div id=\"rand_upveccncj6zcmmlmyflr\" class=\"icon_box_si \"><i class=\"zm-hardware\" style=\"color:#eb6f00;\"><\/i><h3 style=\"color:#2c3e50;\">AsIC Mineros<\/h3><p style=\"color:#000000\">Cudo Miner para ASIC proporciona una gesti\u00f3n y automatizaci\u00f3n completas para su entorno ASIC, proporcionando un mayor tiempo de actividad, mayor eficiencia, mejor seguridad, menos uso de energ\u00eda y mayores hashrates! El servicio incluye todo, desde firmware personalizado hasta optimizaciones de pool de miner\u00eda, proporcion\u00e1ndole una plataforma de gesti\u00f3n m\u00e1s eficiente para su entorno.<\/p>\n<p><span style=\"color: #f48500;\"><a style=\"color: #f48500;\" href=\"https:\/\/stagingsite.cudoventures.com\/miner\/es\/?page_id=8103\">Descubre m\u00e1s<\/a><\/span><\/p><\/div><\/a>[\/vc_column_inner][vc_column_inner width=\u00bb1\/3&#8243;]<style type=\"text\/css\" >#rand_xbodadtgzrbr2vzqusy3 {margin-top:0px; margin-bottom:0px; }<\/style><style type='text\/css'> @font-face{font-family: 'wb'; src:url('https:\/\/stagingsite.cudoventures.com\/miner\/wp-content\/themes\/thefox\/includes\/4k-icons\/icons\/4k-icons-pack05\/icons\/fonts\/wb.eot'); src:url('https:\/\/stagingsite.cudoventures.com\/miner\/wp-content\/themes\/thefox\/includes\/4k-icons\/icons\/4k-icons-pack05\/icons\/fonts\/wb.eot?#iefix') format('embedded-opentype'), url('https:\/\/stagingsite.cudoventures.com\/miner\/wp-content\/themes\/thefox\/includes\/4k-icons\/icons\/4k-icons-pack05\/icons\/fonts\/wb.woff') format('woff'), url('https:\/\/stagingsite.cudoventures.com\/miner\/wp-content\/themes\/thefox\/includes\/4k-icons\/icons\/4k-icons-pack05\/icons\/fonts\/wb.ttf') format('truetype'), url('https:\/\/stagingsite.cudoventures.com\/miner\/wp-content\/themes\/thefox\/includes\/4k-icons\/icons\/4k-icons-pack05\/icons\/fonts\/wb.svg#oi') format('svg'); font-weight: normal; font-style: normal;}#rand_xbodadtgzrbr2vzqusy3 .wb-twocolumnright2:before{font-family: 'wb'; font-weight: normal; font-style: normal;}#rand_xbodadtgzrbr2vzqusy3 .wb-twocolumnright2:before{content: \"\\f1a8\";}<\/style>\n<a href=\"https:\/\/stagingsite.cudoventures.com\/miner\/rig-miners\/\" target=\"_self\" ><div id=\"rand_xbodadtgzrbr2vzqusy3\" class=\"icon_box_si \"><i class=\"wb-twocolumnright2\" style=\"color:#eb6f00;\"><\/i><h3 style=\"color:#2c3e50;\">Rig Miners<\/h3><p style=\"color:#000000\">Cudo Miner puentes la brecha entre la l\u00ednea de comandos de gran alcance y los mineros GUI f\u00e1cil de usar, con caracter\u00edsticas avanzadas y monitoreo inigualable por otro software de miner\u00eda l\u00edder. Un minero criptomoneda inteligente que es f\u00e1cil de usar y avanzado en el control, lo que le permite afinar su miner\u00eda para obtener el m\u00e1ximo rendimiento en m\u00faltiples opciones de moneda.<\/p>\n<p><span style=\"color: #f48500;\"><a style=\"color: #f48500;\" href=\"https:\/\/stagingsite.cudoventures.com\/miner\/es\/rig-miners\/\">Descubre m\u00e1s<\/a><\/span><\/p><\/div><\/a>[\/vc_column_inner][\/vc_row_inner][vc_row_inner][vc_column_inner width=\u00bb1\/3&#8243; css=\u00bb.vc_custom_1551491602645{margin-bottom: 40px !important;}\u00bb]<style type=\"text\/css\" >#rand_qdbdjm22aawci9rx3ci2 {margin-top:0px; margin-bottom:0px; }<\/style><style type='text\/css'> @font-face{font-family: 'mk'; src:url('https:\/\/stagingsite.cudoventures.com\/miner\/wp-content\/themes\/thefox\/includes\/4k-icons\/icons\/4k-icons-pack03\/icons\/fonts\/mk.eot'); src:url('https:\/\/stagingsite.cudoventures.com\/miner\/wp-content\/themes\/thefox\/includes\/4k-icons\/icons\/4k-icons-pack03\/icons\/fonts\/mk.eot?#iefix') format('embedded-opentype'), url('https:\/\/stagingsite.cudoventures.com\/miner\/wp-content\/themes\/thefox\/includes\/4k-icons\/icons\/4k-icons-pack03\/icons\/fonts\/mk.woff') format('woff'), url('https:\/\/stagingsite.cudoventures.com\/miner\/wp-content\/themes\/thefox\/includes\/4k-icons\/icons\/4k-icons-pack03\/icons\/fonts\/mk.ttf') format('truetype'), url('https:\/\/stagingsite.cudoventures.com\/miner\/wp-content\/themes\/thefox\/includes\/4k-icons\/icons\/4k-icons-pack03\/icons\/fonts\/mk.svg#oi') format('svg'); font-weight: normal; font-style: normal;}#rand_qdbdjm22aawci9rx3ci2 .mk-cafe:before{font-family: 'mk'; font-weight: normal; font-style: normal;}#rand_qdbdjm22aawci9rx3ci2 .mk-cafe:before{content: \"\\e80b\";}<\/style>\n<a href=\"https:\/\/stagingsite.cudoventures.com\/miner\/icafes\/\" target=\"_self\" ><div id=\"rand_qdbdjm22aawci9rx3ci2\" class=\"icon_box_si \"><i class=\"mk-cafe\" style=\"color:#eb6f00;\"><\/i><h3 style=\"color:#2c3e50;\">Internet Cafe's<\/h3><p style=\"color:#000000\">Como un refugio para los aficionados a los juegos y los entusiastas en l\u00ednea, entendemos lo importante que es para usted mantener un Internet o puertas de caf\u00e9 de esport abiertas 24\/7. Para combatir esto, optimizamos Cudo Miner espec\u00edficamente para iCafe&#8217;s, Cudo proporciona una instalaci\u00f3n y gesti\u00f3n centralizada y sencilla para todos sus iCafe&#8217;s que le permite seguir obteniendo ganancias en cualquier asiento vac\u00edo, sin importar el tiempo!<\/p>\n<p><span style=\"color: #f48500;\"><a style=\"color: #f48500;\" href=\"https:\/\/stagingsite.cudoventures.com\/miner\/es\/icafes\/\">Descubre m\u00e1s<\/a><\/span><\/p><\/div><\/a>[\/vc_column_inner][vc_column_inner width=\u00bb1\/3&#8243;]<style type=\"text\/css\" >#rand_jg5qy73fwx07r52bjlf1 {margin-top:0px; margin-bottom:0px; }<\/style><style type='text\/css'> @font-face{font-family: 'zm'; src:url('https:\/\/stagingsite.cudoventures.com\/miner\/wp-content\/themes\/thefox\/includes\/4k-icons\/icons\/4k-icons-pack05\/icons\/fonts\/zm.eot'); src:url('https:\/\/stagingsite.cudoventures.com\/miner\/wp-content\/themes\/thefox\/includes\/4k-icons\/icons\/4k-icons-pack05\/icons\/fonts\/zm.eot?#iefix') format('embedded-opentype'), url('https:\/\/stagingsite.cudoventures.com\/miner\/wp-content\/themes\/thefox\/includes\/4k-icons\/icons\/4k-icons-pack05\/icons\/fonts\/zm.woff') format('woff'), url('https:\/\/stagingsite.cudoventures.com\/miner\/wp-content\/themes\/thefox\/includes\/4k-icons\/icons\/4k-icons-pack05\/icons\/fonts\/zm.ttf') format('truetype'), url('https:\/\/stagingsite.cudoventures.com\/miner\/wp-content\/themes\/thefox\/includes\/4k-icons\/icons\/4k-icons-pack05\/icons\/fonts\/zm.svg#oi') format('svg'); font-weight: normal; font-style: normal;}#rand_jg5qy73fwx07r52bjlf1 .zm-laptop:before{font-family: 'zm'; font-weight: normal; font-style: normal;}#rand_jg5qy73fwx07r52bjlf1 .zm-laptop:before{content: \"\\e00e\";}<\/style>\n<a href=\"https:\/\/stagingsite.cudoventures.com\/miner\/pc-laptop-miners\/\" target=\"_self\" ><div id=\"rand_jg5qy73fwx07r52bjlf1\" class=\"icon_box_si \"><i class=\"zm-laptop\" style=\"color:#eb6f00;\"><\/i><h3 style=\"color:#2c3e50;\">Mineros de PC\/Laptop<\/h3><p style=\"color:#000000\">Cudo Miner est\u00e1 lleno de caracter\u00edsticas que le ayudan a ganar tanto dinero como sea posible desde su ordenador port\u00e1til o PC. Cudo Miner es f\u00e1cil de instalar, seguro en su hardware y seguro de usar.<\/p>\n<p><span style=\"color: #f48500;\"><a style=\"color: #f48500;\" href=\"https:\/\/stagingsite.cudoventures.com\/miner\/es\/mineros-de-pc-laptop\/\">Descubre m\u00e1s<\/a><\/span><\/p><\/div><\/a>[\/vc_column_inner][vc_column_inner width=\u00bb1\/3&#8243;]<style type=\"text\/css\" >#rand_2h8kvfbxpt9jb1msyet6 {margin-top:0px; margin-bottom:0px; }<\/style><style type='text\/css'> @font-face{font-family: 'zm'; src:url('https:\/\/stagingsite.cudoventures.com\/miner\/wp-content\/themes\/thefox\/includes\/4k-icons\/icons\/4k-icons-pack05\/icons\/fonts\/zm.eot'); src:url('https:\/\/stagingsite.cudoventures.com\/miner\/wp-content\/themes\/thefox\/includes\/4k-icons\/icons\/4k-icons-pack05\/icons\/fonts\/zm.eot?#iefix') format('embedded-opentype'), url('https:\/\/stagingsite.cudoventures.com\/miner\/wp-content\/themes\/thefox\/includes\/4k-icons\/icons\/4k-icons-pack05\/icons\/fonts\/zm.woff') format('woff'), url('https:\/\/stagingsite.cudoventures.com\/miner\/wp-content\/themes\/thefox\/includes\/4k-icons\/icons\/4k-icons-pack05\/icons\/fonts\/zm.ttf') format('truetype'), url('https:\/\/stagingsite.cudoventures.com\/miner\/wp-content\/themes\/thefox\/includes\/4k-icons\/icons\/4k-icons-pack05\/icons\/fonts\/zm.svg#oi') format('svg'); font-weight: normal; font-style: normal;}#rand_2h8kvfbxpt9jb1msyet6 .zm-gamepad-2:before{font-family: 'zm'; font-weight: normal; font-style: normal;}#rand_2h8kvfbxpt9jb1msyet6 .zm-gamepad-2:before{content: \"\\e034\";}<\/style>\n<a href=\"https:\/\/stagingsite.cudoventures.com\/miner\/gamers\/\" target=\"_self\" ><div id=\"rand_2h8kvfbxpt9jb1msyet6\" class=\"icon_box_si \"><i class=\"zm-gamepad-2\" style=\"color:#eb6f00;\"><\/i><h3 style=\"color:#2c3e50;\">Jugadores<\/h3><p style=\"color:#000000\">Cudo Miner es un s\u00faper f\u00e1cil y seguro para descargar, de hecho, 30.000 jugadores ya tienen, y les encanta. \u00bfpor qu\u00e9? Porque cada vez que quieren algo de tiempo de inactividad de los juegos, tenemos sus espaldas en ganar algo de dinero en efectivo para los vales de Steam, compras en la aplicaci\u00f3n, o incluso dinero en efectivo duro fr\u00edo.<\/p>\n<p><span style=\"color: #f48500;\"><a style=\"color: #f48500;\" href=\"https:\/\/stagingsite.cudoventures.com\/miner\/es\/gamers\/\">Descubre m\u00e1s<\/a><\/span><\/p><\/div><\/a>[\/vc_column_inner][\/vc_row_inner][\/vc_column][\/vc_row][vc_row type=\u00bbfull-width-section\u00bb css=\u00bb.vc_custom_1591285376251{margin-bottom: -50px !important;background-color: #ffffff !important;background-position: center !important;background-repeat: no-repeat !important;background-size: cover !important;}\u00bb font_color=\u00bb#ffffff\u00bb][vc_column][vc_raw_html]PGxpbmsgcmVsPSJzdHlsZXNoZWV0IiBocmVmPSJodHRwczovL3VzZS5mb250YXdlc29tZS5jb20vcmVsZWFzZXMvdjUuNi4xL2Nzcy9hbGwuY3NzIiBpbnRlZ3JpdHk9InNoYTM4NC1nZmRramI1QmRBWGQrbGorZ3VkTFdJK0JYcTRJdUxXNUlUK2JyWkVac0xGbSsrYUNNbEYxVjkyck1rUGFYNFBQIiBjcm9zc29yaWdpbj0iYW5vbnltb3VzIj4=[\/vc_raw_html][vc_row_inner css=\u00bb.vc_custom_1555508055290{margin-bottom: 0px !important;padding-bottom: 15px !important;}\u00bb][vc_column_inner]<style type=\"text\/css\" >#b_lj90f9gjm6wv4nsznqi0 a{color:#ffffff; background:#e16200; margin-top:px; margin-bottom:px;  margin-left:px; margin-right:px; font-weight:700; border-radius:5px;}#b_lj90f9gjm6wv4nsznqi0 a:hover{color:#ffffff ; background:#e16200 ;}<\/style><div class=\"ta_center tf_btn_pos\" id=\"b_lj90f9gjm6wv4nsznqi0\" ><a class=\"rd_normal_bt large_rd_bt  orange-button-link\" href=\"https:\/\/console.cudominer.com\/auth\/login?utm_source=www.cudominer.com&amp;utm_medium=website&amp;utm_campaign=mining-2020&amp;utm_content=users-page\" target=\"\"   >Sign Up and Download<\/a><\/div>[vc_raw_html]PHAgc3R5bGU9InRleHQtYWxpZ246IGNlbnRlcjsgY29sb3I6ICNmYjg1MDAiPgogIDxpIGNsYXNzPSJmYWIgZmEtMnggZmEtd2luZG93cyI+PC9pPgogIDxpIHN0eWxlPSJtYXJnaW4tbGVmdDogMTZweCIgY2xhc3M9ImZhYiBmYS0yeCBmYS11YnVudHUiPjwvaT4KICA8aSBzdHlsZT0ibWFyZ2luLWxlZnQ6IDE2cHgiIGNsYXNzPSJmYXMgZmEtMnggZmEtZmlsZS1kb3dubG9hZCI+PC9pPgo8L3A+[\/vc_raw_html][\/vc_column_inner][\/vc_row_inner][\/vc_column][\/vc_row]<\/p>\n","protected":false},"excerpt":{"rendered":"<p>[vc_row content_placement=\u00bbbottom\u00bb css=\u00bb.vc_custom_1554220332699{margin-bottom: -50px !important;}\u00bb][vc_column] [vc_raw_html]PGxpbmsgcmVsPSJzdHlsZXNoZWV0IiBocmVmPSJodHRwczovL3VzZS5mb250YXdlc29tZS5jb20vcmVsZWFzZXMvdjUuNi4xL2Nzcy9hbGwuY3NzIiBpbnRlZ3JpdHk9InNoYTM4NC1nZmRramI1QmRBWGQrbGorZ3VkTFdJK0JYcTRJdUxXNUlUK2JyWkVac0xGbSsrYUNNbEYxVjkyck1rUGFYNFBQIiBjcm9zc29yaWdpbj0iYW5vbnltb3VzIj4=[\/vc_raw_html][vc_column_text] \u00bfQu\u00e9 tipo de usuario eres? [\/vc_column_text][vc_column_text] Ahora soporta GPU, CPU, ASIC y FPGA con una consola web dedicada para la supervisi\u00f3n y gesti\u00f3n remota de todos sus dispositivos. Las plataformas de Cudo Minerest\u00e1n totalmente automatizadas y optimizadas tanto para obtener beneficios como para el m\u00e1ximo rendimiento en Windows, macOS,<br \/><a href=\"https:\/\/stagingsite.cudoventures.com\/miner\/es\/usuarios\/\" class=\"more\">Read more<\/a><\/p>\n","protected":false},"author":1,"featured_media":0,"parent":0,"menu_order":0,"comment_status":"closed","ping_status":"closed","template":"","meta":[],"yoast_head":"<!-- This site is optimized with the Yoast SEO plugin v14.7 - https:\/\/yoast.com\/wordpress\/plugins\/seo\/ -->\n<title>CudoMiner<\/title>\n<meta name=\"robots\" content=\"noindex, follow\" \/>\n<meta property=\"og:locale\" content=\"es_ES\" \/>\n<meta property=\"og:type\" content=\"article\" \/>\n<meta property=\"og:title\" content=\"CudoMiner\" \/>\n<meta property=\"og:description\" content=\"[vc_row content_placement=\u00bbbottom\u00bb css=\u00bb.vc_custom_1554220332699{margin-bottom: -50px !important;}\u00bb][vc_column] [vc_raw_html]PGxpbmsgcmVsPSJzdHlsZXNoZWV0IiBocmVmPSJodHRwczovL3VzZS5mb250YXdlc29tZS5jb20vcmVsZWFzZXMvdjUuNi4xL2Nzcy9hbGwuY3NzIiBpbnRlZ3JpdHk9InNoYTM4NC1nZmRramI1QmRBWGQrbGorZ3VkTFdJK0JYcTRJdUxXNUlUK2JyWkVac0xGbSsrYUNNbEYxVjkyck1rUGFYNFBQIiBjcm9zc29yaWdpbj0iYW5vbnltb3VzIj4=[\/vc_raw_html][vc_column_text] \u00bfQu\u00e9 tipo de usuario eres? [\/vc_column_text][vc_column_text] Ahora soporta GPU, CPU, ASIC y FPGA con una consola web dedicada para la supervisi\u00f3n y gesti\u00f3n remota de todos sus dispositivos. Las plataformas de Cudo Minerest\u00e1n totalmente automatizadas y optimizadas tanto para obtener beneficios como para el m\u00e1ximo rendimiento en Windows, macOS,Read more\" \/>\n<meta property=\"og:url\" content=\"https:\/\/stagingsite.cudoventures.com\/miner\/es\/usuarios\/\" \/>\n<meta property=\"og:site_name\" content=\"CudoMiner\" \/>\n<meta property=\"article:modified_time\" content=\"2022-06-08T16:35:30+00:00\" \/>\n<!-- \/ Yoast SEO plugin. -->","_links":{"self":[{"href":"https:\/\/stagingsite.cudoventures.com\/miner\/es\/wp-json\/wp\/v2\/pages\/8238"}],"collection":[{"href":"https:\/\/stagingsite.cudoventures.com\/miner\/es\/wp-json\/wp\/v2\/pages"}],"about":[{"href":"https:\/\/stagingsite.cudoventures.com\/miner\/es\/wp-json\/wp\/v2\/types\/page"}],"author":[{"embeddable":true,"href":"https:\/\/stagingsite.cudoventures.com\/miner\/es\/wp-json\/wp\/v2\/users\/1"}],"replies":[{"embeddable":true,"href":"https:\/\/stagingsite.cudoventures.com\/miner\/es\/wp-json\/wp\/v2\/comments?post=8238"}],"version-history":[{"count":6,"href":"https:\/\/stagingsite.cudoventures.com\/miner\/es\/wp-json\/wp\/v2\/pages\/8238\/revisions"}],"predecessor-version":[{"id":10197,"href":"https:\/\/stagingsite.cudoventures.com\/miner\/es\/wp-json\/wp\/v2\/pages\/8238\/revisions\/10197"}],"wp:attachment":[{"href":"https:\/\/stagingsite.cudoventures.com\/miner\/es\/wp-json\/wp\/v2\/media?parent=8238"}],"curies":[{"name":"wp","href":"https:\/\/api.w.org\/{rel}","templated":true}]}}