{"id":9272,"date":"2020-07-15T20:40:14","date_gmt":"2020-07-15T19:40:14","guid":{"rendered":"https:\/\/stagingsite.cudoventures.com\/miner\/hardware-compatible\/"},"modified":"2022-06-24T14:54:28","modified_gmt":"2022-06-24T13:54:28","slug":"hardware-compatible","status":"publish","type":"page","link":"https:\/\/stagingsite.cudoventures.com\/miner\/es\/hardware-compatible\/","title":{"rendered":"Hardware compatible"},"content":{"rendered":"<p>[vc_row content_placement=\u00bbbottom\u00bb css=\u00bb.vc_custom_1554220332699{margin-bottom: -50px !important;}\u00bb][vc_column]<style type='text\/css'> @font-face{font-family: ''; src:url('https:\/\/stagingsite.cudoventures.com\/miner\/wp-content\/themes\/thefox\/includes\/4k-icons\/icons\/fonts\/.eot'); src:url('https:\/\/stagingsite.cudoventures.com\/miner\/wp-content\/themes\/thefox\/includes\/4k-icons\/icons\/fonts\/.eot?#iefix') format('embedded-opentype'), url('https:\/\/stagingsite.cudoventures.com\/miner\/wp-content\/themes\/thefox\/includes\/4k-icons\/icons\/fonts\/.woff') format('woff'), url('https:\/\/stagingsite.cudoventures.com\/miner\/wp-content\/themes\/thefox\/includes\/4k-icons\/icons\/fonts\/.ttf') format('truetype'), url('https:\/\/stagingsite.cudoventures.com\/miner\/wp-content\/themes\/thefox\/includes\/4k-icons\/icons\/fonts\/.svg#oi') format('svg'); font-weight: normal; font-style: normal;}#fourk1 .:before{font-family: ''; font-weight: normal; font-style: normal;}#fourk1 .:before{content: \"\";}#fourk1{text-align:center}#fourk1 .fourk-icon{background-color: transparent}#fourk1 .fourk-icon:before{}#fourk1 .fourk-icon:after{}#fourk1 i{font-size:0px;line-height:0px;color:}#fourk1 .fourk-icon.hovered i{}#fourk1 i{text-align: center;}#fourk1{float: ; margin-right: px;}<\/style>\n<div id='fourk1' class='fourk-icon-container'><div class='fourk-icon none none' data-hover-trigger='' ><i class=''><\/i><\/div><\/div>[vc_raw_html]PGxpbmsgcmVsPSJzdHlsZXNoZWV0IiBocmVmPSJodHRwczovL3VzZS5mb250YXdlc29tZS5jb20vcmVsZWFzZXMvdjUuNi4xL2Nzcy9hbGwuY3NzIiBpbnRlZ3JpdHk9InNoYTM4NC1nZmRramI1QmRBWGQrbGorZ3VkTFdJK0JYcTRJdUxXNUlUK2JyWkVac0xGbSsrYUNNbEYxVjkyck1rUGFYNFBQIiBjcm9zc29yaWdpbj0iYW5vbnltb3VzIj4=[\/vc_raw_html][vc_column_text]<\/p>\n<h1 style=\"text-align: center;\">Hardware de miner\u00eda de criptomonedas<\/h1>\n<p>[\/vc_column_text][vc_column_text][\/vc_column_text][\/vc_column][\/vc_row][vc_row type=\u00bbfull-width-section\u00bb css=\u00bb.vc_custom_1554218226454{background-position: center !important;background-repeat: no-repeat !important;background-size: cover !important;}\u00bb font_color=\u00bb#ffffff\u00bb][vc_column][vc_raw_html]PGxpbmsgcmVsPSJzdHlsZXNoZWV0IiBocmVmPSJodHRwczovL3VzZS5mb250YXdlc29tZS5jb20vcmVsZWFzZXMvdjUuNi4xL2Nzcy9hbGwuY3NzIiBpbnRlZ3JpdHk9InNoYTM4NC1nZmRramI1QmRBWGQrbGorZ3VkTFdJK0JYcTRJdUxXNUlUK2JyWkVac0xGbSsrYUNNbEYxVjkyck1rUGFYNFBQIiBjcm9zc29yaWdpbj0iYW5vbnltb3VzIj4=[\/vc_raw_html][vc_row_inner css=\u00bb.vc_custom_1554215997253{margin-bottom: 0px !important;padding-bottom: 15px !important;}\u00bb][vc_column_inner]<style type=\"text\/css\" >#b_ptodpak96xta76p3fale a{color:#ffffff; background:#e16200; margin-top:px; margin-bottom:px;  margin-left:px; margin-right:px; font-weight:700; border-radius:5px;}#b_ptodpak96xta76p3fale a:hover{color:#ffffff ; background:#e16200 ;}<\/style><div class=\"ta_center tf_btn_pos\" id=\"b_ptodpak96xta76p3fale\" ><a class=\"rd_normal_bt large_rd_bt  orange-button-link\" href=\"https:\/\/console.cudominer.com\/auth\/login?utm_source=www.cudominer.com&amp;utm_medium=website&amp;utm_campaign=mining-2020&amp;utm_content=supported-hardware-page\" target=\"\"   >Sign Up and Download<\/a><\/div>[vc_column_text]<\/p>\n<p style=\"text-align: center;\"><span style=\"color: #000000;\">\u00bfYa tienes una cuenta? Haga clic aqu\u00ed para <span style=\"color: #f48500;\"><a style=\"color: #f48500;\" href=\"https:\/\/console.cudominer.com\/\">iniciar sesi\u00f3n<\/a><\/span><\/span><\/p>\n<p>[\/vc_column_text][vc_raw_html]PHAgc3R5bGU9InRleHQtYWxpZ246IGNlbnRlcjtjb2xvcjogI2ZiODUwMCI+CiAgPGkgY2xhc3M9ImZhYiBmYS0yeCBmYS13aW5kb3dzIj48L2k+CiAgPGkgc3R5bGU9ImNvbG9yOiAjZmI4NTAwOyBtYXJnaW4tbGVmdDogMTZweCIgY2xhc3M9ImZhYiBmYS0yeCBmYS11YnVudHUiPjwvaT4KICA8aSBzdHlsZT0iY29sb3I6ICNmYjg1MDA7IG1hcmdpbi1sZWZ0OiAxNnB4IiBjbGFzcz0iZmFzIGZhLTJ4IGZhLWZpbGUtZG93bmxvYWQiPjwvaT4KPC9wPg==[\/vc_raw_html][\/vc_column_inner][\/vc_row_inner][\/vc_column][\/vc_row][vc_row type=\u00bbfull-width-section\u00bb css=\u00bb.vc_custom_1594808532563{padding-top: 25px !important;padding-bottom: 50px !important;background-color: #f6f6f7 !important;}\u00bb][vc_column width=\u00bb1\/3&#8243;][vc_column_text]<\/p>\n<h2><span style=\"color: #f48500;\">Rentabilidad<\/span><\/h2>\n<p>Cudo se centra en crearle la mayor rentabilidad y los costos m\u00e1s bajos en los diferentes hardware.[\/vc_column_text][\/vc_column][vc_column width=\u00bb1\/3&#8243;][vc_column_text]<\/p>\n<h2><span style=\"color: #f48500;\">Administraci\u00f3n<\/span><\/h2>\n<p>Las plataformas de administraci\u00f3n gestionan el hardware desde mapas de calor, gesti\u00f3n de granjas m\u00faltiples, hasta la reparaci\u00f3n y reparaci\u00f3n autom\u00e1ticas.[\/vc_column_text][\/vc_column][vc_column width=\u00bb1\/3&#8243;][vc_column_text]<\/p>\n<h2><span style=\"color: #f48500;\">Optimizaciones<\/span><\/h2>\n<p>El firmware, los controladores y el sistema operativo optimizados le permiten obtener autom\u00e1ticamente el mejor rendimiento y la mayor eficiencia de su hardware.[\/vc_column_text][\/vc_column][\/vc_row][vc_row][vc_column][vc_column_text]<\/p>\n<h2 style=\"text-align: center;\"><span style=\"color: #f48500;\">Asics<\/span><\/h2>\n<p style=\"text-align: center;\"><span style=\"color: #f48500;\">Compatible con nuestro software de gesti\u00f3n y firmware<\/span><\/p>\n<p>[\/vc_column_text][\/vc_column][\/vc_row][vc_row][vc_column width=\u00bb1\/3&#8243;][\/vc_column][vc_column width=\u00bb1\/3&#8243;][vc_column_text]<\/p>\n<p style=\"text-align: center;\">Antminer S9<\/p>\n<p>[\/vc_column_text][vc_column_text]<\/p>\n<p style=\"text-align: center;\">Antminer T17<\/p>\n<p>[\/vc_column_text][\/vc_column][vc_column width=\u00bb1\/3&#8243;][\/vc_column][\/vc_row][vc_row][vc_column][vc_column_text]<\/p>\n<p style=\"text-align: center;\"><span style=\"color: #f48500;\">El apoyo a m\u00e1s mineros de ASIC llegar\u00e1 pronto<\/span><\/p>\n<p>[\/vc_column_text][\/vc_column][\/vc_row][vc_row type=\u00bbfull-width-section\u00bb css=\u00bb.vc_custom_1594809084241{margin-bottom: -8px !important;padding-top: 20px !important;background-color: #f6f6f7 !important;}\u00bb][vc_column][vc_column_text]<\/p>\n<h2 style=\"text-align: left;\"><span style=\"color: #f48500;\">GPU&#8217;s<\/span><\/h2>\n<p>&nbsp;<\/p>\n<p>[\/vc_column_text][\/vc_column][\/vc_row][vc_row type=\u00bbfull-width-section\u00bb css=\u00bb.vc_custom_1594809124416{padding-bottom: 40px !important;background-color: #f6f6f7 !important;}\u00bb][vc_column width=\u00bb1\/2&#8243;][vc_column_text]<\/p>\n<h2 style=\"text-align: left;\"><span style=\"color: #f48500;\">Nvidia<\/span><\/h2>\n<p>[\/vc_column_text][vc_column_text]<\/p>\n<p style=\"text-align: left;\">Serie GeForce 900<br \/>\nSerie GeForce 10<br \/>\nSerie Volta<br \/>\nSerie GeForce 16<br \/>\nSerie GeForce 20<\/p>\n<p>[\/vc_column_text][\/vc_column][vc_column width=\u00bb1\/2&#8243;][vc_column_text]<\/p>\n<h2 style=\"text-align: left;\"><span style=\"color: #f48500;\">Amd<\/span><\/h2>\n<p>[\/vc_column_text][vc_column_text]Serie Radeon R5\/R7\/R9 300<br \/>\nSerie Radeon RX 400<br \/>\nSerie Radeon RX 500<br \/>\nSerie Radeon RX Vega<br \/>\nSerie Radeon VII<br \/>\nSerie Radeon RX 5000[\/vc_column_text][\/vc_column][\/vc_row][vc_row][vc_column][vc_column_text]<\/p>\n<h2 style=\"text-align: left;\"><span style=\"color: #f48500;\">CPU&#8217;s<\/span><\/h2>\n<p>[\/vc_column_text][\/vc_column][\/vc_row][vc_row][vc_column width=\u00bb1\/2&#8243;][vc_column_text]<\/p>\n<h2 style=\"text-align: left;\"><span style=\"color: #f48500;\">Intel<\/span><\/h2>\n<p>[\/vc_column_text][vc_column_text]Core i3<br \/>\nCore i5<br \/>\nCore i7<br \/>\nCore i7 Extreme<br \/>\nCore i9<\/p>\n<p>Generaciones<br \/>\nN\u00facleo de 10a generaci\u00f3n<br \/>\nN\u00facleo de 9a generaci\u00f3n<br \/>\nN\u00facleo de 8a generaci\u00f3n<br \/>\nN\u00facleo de 7a generaci\u00f3n[\/vc_column_text][\/vc_column][vc_column width=\u00bb1\/2&#8243;][vc_column_text]<\/p>\n<h2 style=\"text-align: left;\"><span style=\"color: #f48500;\">Amd<\/span><\/h2>\n<p>[\/vc_column_text][vc_column_text]Serie K8<br \/>\nSerie K10<br \/>\nSerie Bulldozer<br \/>\nSerie Zen<br \/>\nSerie Zen +<br \/>\nSerie Zen 2[\/vc_column_text][\/vc_column][\/vc_row][vc_row type=\u00bbfull-width-section\u00bb css=\u00bb.vc_custom_1591199053356{margin-top: 50px !important;background-color: #ffffff !important;background-position: center !important;background-repeat: no-repeat !important;background-size: cover !important;}\u00bb font_color=\u00bb#ffffff\u00bb][vc_column][vc_raw_html]PGxpbmsgcmVsPSJzdHlsZXNoZWV0IiBocmVmPSJodHRwczovL3VzZS5mb250YXdlc29tZS5jb20vcmVsZWFzZXMvdjUuNi4xL2Nzcy9hbGwuY3NzIiBpbnRlZ3JpdHk9InNoYTM4NC1nZmRramI1QmRBWGQrbGorZ3VkTFdJK0JYcTRJdUxXNUlUK2JyWkVac0xGbSsrYUNNbEYxVjkyck1rUGFYNFBQIiBjcm9zc29yaWdpbj0iYW5vbnltb3VzIj4=[\/vc_raw_html][vc_row_inner css=\u00bb.vc_custom_1555508055290{margin-bottom: 0px !important;padding-bottom: 15px !important;}\u00bb][vc_column_inner]<style type=\"text\/css\" >#b_zu5vjp4g6vwig87ykmd5 a{color:#ffffff; background:#e16200; margin-top:px; margin-bottom:px;  margin-left:px; margin-right:px; font-weight:700; border-radius:5px;}#b_zu5vjp4g6vwig87ykmd5 a:hover{color:#ffffff ; background:#e16200 ;}<\/style><div class=\"ta_center tf_btn_pos\" id=\"b_zu5vjp4g6vwig87ykmd5\" ><a class=\"rd_normal_bt large_rd_bt  orange-button-link\" href=\"https:\/\/console.cudominer.com\/auth\/login?utm_source=www.cudominer.com&amp;utm_medium=website&amp;utm_campaign=mining-2020&amp;utm_content=supported-hardware-page\" target=\"\"   >Sign Up and Download<\/a><\/div>[vc_raw_html]PHAgc3R5bGU9InRleHQtYWxpZ246IGNlbnRlcjsgY29sb3I6ICNmZjhiMDA7Ij4KICA8aSBjbGFzcz0iZmFiIGZhLTJ4IGZhLXdpbmRvd3MiPjwvaT4KICA8aSBzdHlsZT0ibWFyZ2luLWxlZnQ6IDE2cHgiIGNsYXNzPSJmYWIgZmEtMnggZmEtdWJ1bnR1Ij48L2k+CiAgPGkgc3R5bGU9Im1hcmdpbi1sZWZ0OiAxNnB4IiBjbGFzcz0iZmFzIGZhLTJ4IGZhLWZpbGUtZG93bmxvYWQiPjwvaT4KPC9wPg==[\/vc_raw_html][\/vc_column_inner][\/vc_row_inner][\/vc_column][\/vc_row]<\/p>\n","protected":false},"excerpt":{"rendered":"<p>[vc_row content_placement=\u00bbbottom\u00bb css=\u00bb.vc_custom_1554220332699{margin-bottom: -50px !important;}\u00bb][vc_column] [vc_raw_html]PGxpbmsgcmVsPSJzdHlsZXNoZWV0IiBocmVmPSJodHRwczovL3VzZS5mb250YXdlc29tZS5jb20vcmVsZWFzZXMvdjUuNi4xL2Nzcy9hbGwuY3NzIiBpbnRlZ3JpdHk9InNoYTM4NC1nZmRramI1QmRBWGQrbGorZ3VkTFdJK0JYcTRJdUxXNUlUK2JyWkVac0xGbSsrYUNNbEYxVjkyck1rUGFYNFBQIiBjcm9zc29yaWdpbj0iYW5vbnltb3VzIj4=[\/vc_raw_html][vc_column_text] Hardware de miner\u00eda de criptomonedas [\/vc_column_text][vc_column_text][\/vc_column_text][\/vc_column][\/vc_row][vc_row type=\u00bbfull-width-section\u00bb css=\u00bb.vc_custom_1554218226454{background-position: center !important;background-repeat: no-repeat !important;background-size: cover !important;}\u00bb font_color=\u00bb#ffffff\u00bb][vc_column][vc_raw_html]PGxpbmsgcmVsPSJzdHlsZXNoZWV0IiBocmVmPSJodHRwczovL3VzZS5mb250YXdlc29tZS5jb20vcmVsZWFzZXMvdjUuNi4xL2Nzcy9hbGwuY3NzIiBpbnRlZ3JpdHk9InNoYTM4NC1nZmRramI1QmRBWGQrbGorZ3VkTFdJK0JYcTRJdUxXNUlUK2JyWkVac0xGbSsrYUNNbEYxVjkyck1rUGFYNFBQIiBjcm9zc29yaWdpbj0iYW5vbnltb3VzIj4=[\/vc_raw_html][vc_row_inner css=\u00bb.vc_custom_1554215997253{margin-bottom: 0px !important;padding-bottom: 15px !important;}\u00bb][vc_column_inner]Sign Up and Download[vc_column_text] \u00bfYa tienes una cuenta? Haga clic aqu\u00ed para iniciar sesi\u00f3n [\/vc_column_text][vc_raw_html]PHAgc3R5bGU9InRleHQtYWxpZ246IGNlbnRlcjtjb2xvcjogI2ZiODUwMCI+CiAgPGkgY2xhc3M9ImZhYiBmYS0yeCBmYS13aW5kb3dzIj48L2k+CiAgPGkgc3R5bGU9ImNvbG9yOiAjZmI4NTAwOyBtYXJnaW4tbGVmdDogMTZweCIgY2xhc3M9ImZhYiBmYS0yeCBmYS11YnVudHUiPjwvaT4KICA8aSBzdHlsZT0iY29sb3I6ICNmYjg1MDA7IG1hcmdpbi1sZWZ0OiAxNnB4IiBjbGFzcz0iZmFzIGZhLTJ4IGZhLWZpbGUtZG93bmxvYWQiPjwvaT4KPC9wPg==[\/vc_raw_html][\/vc_column_inner][\/vc_row_inner][\/vc_column][\/vc_row][vc_row type=\u00bbfull-width-section\u00bb css=\u00bb.vc_custom_1594808532563{padding-top: 25px !important;padding-bottom: 50px !important;background-color: #f6f6f7 !important;}\u00bb][vc_column width=\u00bb1\/3&#8243;][vc_column_text] Rentabilidad Cudo se centra en crearle<br \/><a href=\"https:\/\/stagingsite.cudoventures.com\/miner\/es\/hardware-compatible\/\" class=\"more\">Read more<\/a><\/p>\n","protected":false},"author":1,"featured_media":0,"parent":0,"menu_order":0,"comment_status":"closed","ping_status":"closed","template":"","meta":[],"yoast_head":"<!-- This site is optimized with the Yoast SEO plugin v14.7 - https:\/\/yoast.com\/wordpress\/plugins\/seo\/ -->\n<title>CudoMiner<\/title>\n<meta name=\"robots\" content=\"noindex, follow\" \/>\n<meta property=\"og:locale\" content=\"es_ES\" \/>\n<meta property=\"og:type\" content=\"article\" \/>\n<meta property=\"og:title\" content=\"CudoMiner\" \/>\n<meta property=\"og:description\" content=\"[vc_row content_placement=\u00bbbottom\u00bb css=\u00bb.vc_custom_1554220332699{margin-bottom: -50px !important;}\u00bb][vc_column] [vc_raw_html]PGxpbmsgcmVsPSJzdHlsZXNoZWV0IiBocmVmPSJodHRwczovL3VzZS5mb250YXdlc29tZS5jb20vcmVsZWFzZXMvdjUuNi4xL2Nzcy9hbGwuY3NzIiBpbnRlZ3JpdHk9InNoYTM4NC1nZmRramI1QmRBWGQrbGorZ3VkTFdJK0JYcTRJdUxXNUlUK2JyWkVac0xGbSsrYUNNbEYxVjkyck1rUGFYNFBQIiBjcm9zc29yaWdpbj0iYW5vbnltb3VzIj4=[\/vc_raw_html][vc_column_text] Hardware de miner\u00eda de criptomonedas [\/vc_column_text][vc_column_text][\/vc_column_text][\/vc_column][\/vc_row][vc_row type=\u00bbfull-width-section\u00bb css=\u00bb.vc_custom_1554218226454{background-position: center !important;background-repeat: no-repeat !important;background-size: cover !important;}\u00bb font_color=\u00bb#ffffff\u00bb][vc_column][vc_raw_html]PGxpbmsgcmVsPSJzdHlsZXNoZWV0IiBocmVmPSJodHRwczovL3VzZS5mb250YXdlc29tZS5jb20vcmVsZWFzZXMvdjUuNi4xL2Nzcy9hbGwuY3NzIiBpbnRlZ3JpdHk9InNoYTM4NC1nZmRramI1QmRBWGQrbGorZ3VkTFdJK0JYcTRJdUxXNUlUK2JyWkVac0xGbSsrYUNNbEYxVjkyck1rUGFYNFBQIiBjcm9zc29yaWdpbj0iYW5vbnltb3VzIj4=[\/vc_raw_html][vc_row_inner css=\u00bb.vc_custom_1554215997253{margin-bottom: 0px !important;padding-bottom: 15px !important;}\u00bb][vc_column_inner]Sign Up and Download[vc_column_text] \u00bfYa tienes una cuenta? Haga clic aqu\u00ed para iniciar sesi\u00f3n [\/vc_column_text][vc_raw_html]PHAgc3R5bGU9InRleHQtYWxpZ246IGNlbnRlcjtjb2xvcjogI2ZiODUwMCI+CiAgPGkgY2xhc3M9ImZhYiBmYS0yeCBmYS13aW5kb3dzIj48L2k+CiAgPGkgc3R5bGU9ImNvbG9yOiAjZmI4NTAwOyBtYXJnaW4tbGVmdDogMTZweCIgY2xhc3M9ImZhYiBmYS0yeCBmYS11YnVudHUiPjwvaT4KICA8aSBzdHlsZT0iY29sb3I6ICNmYjg1MDA7IG1hcmdpbi1sZWZ0OiAxNnB4IiBjbGFzcz0iZmFzIGZhLTJ4IGZhLWZpbGUtZG93bmxvYWQiPjwvaT4KPC9wPg==[\/vc_raw_html][\/vc_column_inner][\/vc_row_inner][\/vc_column][\/vc_row][vc_row type=\u00bbfull-width-section\u00bb css=\u00bb.vc_custom_1594808532563{padding-top: 25px !important;padding-bottom: 50px !important;background-color: #f6f6f7 !important;}\u00bb][vc_column width=\u00bb1\/3&#8243;][vc_column_text] Rentabilidad Cudo se centra en crearleRead more\" \/>\n<meta property=\"og:url\" content=\"https:\/\/stagingsite.cudoventures.com\/miner\/es\/hardware-compatible\/\" \/>\n<meta property=\"og:site_name\" content=\"CudoMiner\" \/>\n<meta property=\"article:modified_time\" content=\"2022-06-24T13:54:28+00:00\" \/>\n<!-- \/ Yoast SEO plugin. -->","_links":{"self":[{"href":"https:\/\/stagingsite.cudoventures.com\/miner\/es\/wp-json\/wp\/v2\/pages\/9272"}],"collection":[{"href":"https:\/\/stagingsite.cudoventures.com\/miner\/es\/wp-json\/wp\/v2\/pages"}],"about":[{"href":"https:\/\/stagingsite.cudoventures.com\/miner\/es\/wp-json\/wp\/v2\/types\/page"}],"author":[{"embeddable":true,"href":"https:\/\/stagingsite.cudoventures.com\/miner\/es\/wp-json\/wp\/v2\/users\/1"}],"replies":[{"embeddable":true,"href":"https:\/\/stagingsite.cudoventures.com\/miner\/es\/wp-json\/wp\/v2\/comments?post=9272"}],"version-history":[{"count":3,"href":"https:\/\/stagingsite.cudoventures.com\/miner\/es\/wp-json\/wp\/v2\/pages\/9272\/revisions"}],"predecessor-version":[{"id":10303,"href":"https:\/\/stagingsite.cudoventures.com\/miner\/es\/wp-json\/wp\/v2\/pages\/9272\/revisions\/10303"}],"wp:attachment":[{"href":"https:\/\/stagingsite.cudoventures.com\/miner\/es\/wp-json\/wp\/v2\/media?parent=9272"}],"curies":[{"name":"wp","href":"https:\/\/api.w.org\/{rel}","templated":true}]}}